{"id":37,"date":"2025-06-02T05:36:04","date_gmt":"2025-06-02T05:36:04","guid":{"rendered":"https:\/\/traban.svaomega.com\/?page_id=37"},"modified":"2025-06-11T03:38:39","modified_gmt":"2025-06-11T03:38:39","slug":"publisher","status":"publish","type":"page","link":"https:\/\/traban.svaomega.com\/?page_id=37","title":{"rendered":"Publisher"},"content":{"rendered":"\t\t<div data-elementor-type=\"wp-page\" data-elementor-id=\"37\" class=\"elementor elementor-37\" data-elementor-post-type=\"page\">\n\t\t\t\t<div class=\"elementor-element elementor-element-911349a e-flex e-con-boxed wpr-particle-no wpr-jarallax-no wpr-parallax-no wpr-sticky-section-no e-con e-parent\" data-id=\"911349a\" data-element_type=\"container\" data-settings=\"{&quot;background_background&quot;:&quot;classic&quot;}\">\n\t\t\t\t\t<div class=\"e-con-inner\">\n\t\t\t\t<div class=\"elementor-element elementor-element-1440766 elementor-invisible elementor-widget elementor-widget-heading\" data-id=\"1440766\" data-element_type=\"widget\" data-settings=\"{&quot;_animation&quot;:&quot;fadeInUp&quot;}\" data-widget_type=\"heading.default\">\n\t\t\t\t<div class=\"elementor-widget-container\">\n\t\t\t\t\t<h2 class=\"elementor-heading-title elementor-size-default\">Verlag\n<\/h2>\t\t\t\t<\/div>\n\t\t\t\t<\/div>\n\t\t\t\t\t<\/div>\n\t\t\t\t<\/div>\n\t\t<div class=\"elementor-element elementor-element-dd655e6 e-flex e-con-boxed wpr-particle-no wpr-jarallax-no wpr-parallax-no wpr-sticky-section-no e-con e-parent\" data-id=\"dd655e6\" data-element_type=\"container\">\n\t\t\t\t\t<div class=\"e-con-inner\">\n\t\t<div class=\"elementor-element elementor-element-a7086fb e-con-full e-flex wpr-particle-no wpr-jarallax-no wpr-parallax-no wpr-sticky-section-no e-con e-child\" data-id=\"a7086fb\" data-element_type=\"container\">\n\t\t\t\t<div class=\"elementor-element elementor-element-77b88a3 elementor-widget__width-initial elementor-invisible elementor-widget elementor-widget-heading\" data-id=\"77b88a3\" data-element_type=\"widget\" data-settings=\"{&quot;_animation&quot;:&quot;fadeInUp&quot;}\" data-widget_type=\"heading.default\">\n\t\t\t\t<div class=\"elementor-widget-container\">\n\t\t\t\t\t<h2 class=\"elementor-heading-title elementor-size-default\">\u00bbEine Erfolgsgeschichte in schwierigen Zeiten\u00ab  -\n\n<\/h2>\t\t\t\t<\/div>\n\t\t\t\t<\/div>\n\t\t\t\t<div class=\"elementor-element elementor-element-4d18094 elementor-widget elementor-widget-image\" data-id=\"4d18094\" data-element_type=\"widget\" data-widget_type=\"image.default\">\n\t\t\t\t<div class=\"elementor-widget-container\">\n\t\t\t\t\t\t\t\t\t\t\t\t\t\t\t<img decoding=\"async\" width=\"92\" height=\"42\" src=\"https:\/\/traban.svaomega.com\/wp-content\/uploads\/2025\/06\/SWR_LOGO.avif\" class=\"attachment-full size-full wp-image-756\" alt=\"\" \/>\t\t\t\t\t\t\t\t\t\t\t\t\t\t\t<\/div>\n\t\t\t\t<\/div>\n\t\t\t\t<\/div>\n\t\t<div class=\"elementor-element elementor-element-40de148 e-con-full e-flex wpr-particle-no wpr-jarallax-no wpr-parallax-no wpr-sticky-section-no e-con e-child\" data-id=\"40de148\" data-element_type=\"container\">\n\t\t<div class=\"elementor-element elementor-element-c4f25ea e-con-full e-flex wpr-particle-no wpr-jarallax-no wpr-parallax-no wpr-sticky-section-no elementor-invisible e-con e-child\" data-id=\"c4f25ea\" data-element_type=\"container\" data-settings=\"{&quot;animation&quot;:&quot;fadeInLeft&quot;}\">\n\t\t\t\t<div class=\"elementor-element elementor-element-e619efe elementor-widget__width-initial elementor-widget elementor-widget-heading\" data-id=\"e619efe\" data-element_type=\"widget\" data-widget_type=\"heading.default\">\n\t\t\t\t<div class=\"elementor-widget-container\">\n\t\t\t\t\t<h2 class=\"elementor-heading-title elementor-size-default\">Trabanten Verlag <\/h2>\t\t\t\t<\/div>\n\t\t\t\t<\/div>\n\t\t\t\t<div class=\"elementor-element elementor-element-7ec9337 elementor-widget elementor-widget-text-editor\" data-id=\"7ec9337\" data-element_type=\"widget\" data-widget_type=\"text-editor.default\">\n\t\t\t\t<div class=\"elementor-widget-container\">\n\t\t\t\t\t\t\t\t\t<p>Wir sind ein junger unabh\u00e4ngiger Verlag aus Berlin. Unser Schwerpunkt liegt neben Romanen und Lyrik auf Sachb\u00fcchern. Wir wollen Wege finden, um Menschen wieder st\u00e4rker f\u00fcr B\u00fccher zu begeistern und experi-mentieren daf\u00fcr mit neuen medialen Formen und Konzepten. Wir wollen unserer Generation in ihrer sch\u00f6pferischen Energie Fl\u00fcgel verleihen und literarisch-\u00e4sthetischen Anspruch mit dem Puls der Zeit in Einklang bringen. Dabei ist es nicht nur unser Ziel, gute B\u00fccher zu machen, sondern auch soziale Verantwortung zu \u00fcber-nehmen und zu politisieren.\u00a0<\/p>\t\t\t\t\t\t\t\t<\/div>\n\t\t\t\t<\/div>\n\t\t\t\t<\/div>\n\t\t<div class=\"elementor-element elementor-element-77cb581 e-con-full e-flex wpr-particle-no wpr-jarallax-no wpr-parallax-no wpr-sticky-section-no elementor-invisible e-con e-child\" data-id=\"77cb581\" data-element_type=\"container\" data-settings=\"{&quot;animation&quot;:&quot;fadeInRight&quot;}\">\n\t\t\t\t<div class=\"elementor-element elementor-element-eb6393f elementor-widget elementor-widget-image\" data-id=\"eb6393f\" data-element_type=\"widget\" data-widget_type=\"image.default\">\n\t\t\t\t<div class=\"elementor-widget-container\">\n\t\t\t\t\t\t\t\t\t\t\t\t\t\t\t<img fetchpriority=\"high\" decoding=\"async\" width=\"258\" height=\"258\" src=\"https:\/\/traban.svaomega.com\/wp-content\/uploads\/2025\/06\/TRABANTEN_Logo-1.avif\" class=\"attachment-full size-full wp-image-758\" alt=\"\" srcset=\"https:\/\/traban.svaomega.com\/wp-content\/uploads\/2025\/06\/TRABANTEN_Logo-1.avif 258w, https:\/\/traban.svaomega.com\/wp-content\/uploads\/2025\/06\/TRABANTEN_Logo-1-100x100.avif 100w, https:\/\/traban.svaomega.com\/wp-content\/uploads\/2025\/06\/TRABANTEN_Logo-1-150x150.avif 150w\" sizes=\"(max-width: 258px) 100vw, 258px\" \/>\t\t\t\t\t\t\t\t\t\t\t\t\t\t\t<\/div>\n\t\t\t\t<\/div>\n\t\t\t\t<\/div>\n\t\t\t\t<\/div>\n\t\t<div class=\"elementor-element elementor-element-7f3d28b e-con-full e-flex wpr-particle-no wpr-jarallax-no wpr-parallax-no wpr-sticky-section-no e-con e-child\" data-id=\"7f3d28b\" data-element_type=\"container\" data-settings=\"{&quot;background_background&quot;:&quot;classic&quot;}\">\n\t\t<div class=\"elementor-element elementor-element-f95e1eb e-con-full e-flex wpr-particle-no wpr-jarallax-no wpr-parallax-no wpr-sticky-section-no elementor-invisible e-con e-child\" data-id=\"f95e1eb\" data-element_type=\"container\" data-settings=\"{&quot;animation&quot;:&quot;fadeInRight&quot;}\">\n\t\t\t\t<div class=\"elementor-element elementor-element-db4782b elementor-widget__width-initial elementor-widget elementor-widget-heading\" data-id=\"db4782b\" data-element_type=\"widget\" data-widget_type=\"heading.default\">\n\t\t\t\t<div class=\"elementor-widget-container\">\n\t\t\t\t\t<h2 class=\"elementor-heading-title elementor-size-default\">Verlagsgeschichte<\/h2>\t\t\t\t<\/div>\n\t\t\t\t<\/div>\n\t\t\t\t<div class=\"elementor-element elementor-element-4f6ef0d elementor-widget elementor-widget-text-editor\" data-id=\"4f6ef0d\" data-element_type=\"widget\" data-widget_type=\"text-editor.default\">\n\t\t\t\t<div class=\"elementor-widget-container\">\n\t\t\t\t\t\t\t\t\t<p class=\"font_8 wixui-rich-text__text\"><span class=\"wixui-rich-text__text\">Am Anfang der Verlagsgr\u00fcndung stand vor allem der Wille, Lyrik wieder zur\u00fcck in den Alltag zu holen. Nachdem die ersten Gedichtb\u00e4nde wie\u00a0<\/span><span class=\"wixui-rich-text__text\"><em><strong>#lockdownlyrik<\/strong><\/em>\u00a0<\/span><span class=\"wixui-rich-text__text\">gro\u00dfe Erfolge feiern konnten, erweiterte sich das Verlagsprogramm schnell um gesellschaftspolitische Sachb\u00fccher von Autor:innen wie Gert Scobel, Gregor Gysi oder Yannick Haan. Kurz darauf folgten die ersten Romane. Besonders Irene Sol\u00e0&#8217;s Roman\u00a0<strong><em>Singe ich, tanzen die Berge,<\/em> <\/strong>f\u00fcr den die Autorin den Europ\u00e4ischen Literaturpreis erhielt, entwick-elte sich schnell zum Bestseller. Dies erm\u00f6glichte, dass der Verlag weiter wachsen konnte.<\/span><\/p><p class=\"font_8 wixui-rich-text__text\"><span class=\"wixui-rich-text__text\">\u200b<\/span><span class=\"wixui-rich-text__text\">Nach einer radikalen Modernisierung der Verlagsstruktur und Investitionen in verschiedenen Bereichen, erschien 2024 das bislang umfangreichste Programm. Dabei wurde neben neuen Romanen und Lyrikb\u00e4nden, vor allem das Sachbuch st\u00e4rker in den Mittelpunkt des Programms ger\u00fcckt. 2025 wird dieser Weg mit einem vergr\u00f6\u00dferten Verlagsteam weiter fortgesetzt.<\/span><\/p>\t\t\t\t\t\t\t\t<\/div>\n\t\t\t\t<\/div>\n\t\t\t\t<\/div>\n\t\t<div class=\"elementor-element elementor-element-7af8f5d e-con-full e-flex wpr-particle-no wpr-jarallax-no wpr-parallax-no wpr-sticky-section-no elementor-invisible e-con e-child\" data-id=\"7af8f5d\" data-element_type=\"container\" data-settings=\"{&quot;animation&quot;:&quot;fadeInLeft&quot;}\">\n\t\t\t\t<div class=\"elementor-element elementor-element-f202c58 elementor-widget elementor-widget-image\" data-id=\"f202c58\" data-element_type=\"widget\" data-widget_type=\"image.default\">\n\t\t\t\t<div class=\"elementor-widget-container\">\n\t\t\t\t\t\t\t\t\t\t\t\t\t\t\t<img decoding=\"async\" width=\"311\" height=\"466\" src=\"https:\/\/traban.svaomega.com\/wp-content\/uploads\/2025\/06\/Fabian_Leonhard_TRABANTEN.avif\" class=\"attachment-full size-full wp-image-762\" alt=\"\" srcset=\"https:\/\/traban.svaomega.com\/wp-content\/uploads\/2025\/06\/Fabian_Leonhard_TRABANTEN.avif 311w, https:\/\/traban.svaomega.com\/wp-content\/uploads\/2025\/06\/Fabian_Leonhard_TRABANTEN-200x300.avif 200w\" sizes=\"(max-width: 311px) 100vw, 311px\" \/>\t\t\t\t\t\t\t\t\t\t\t\t\t\t\t<\/div>\n\t\t\t\t<\/div>\n\t\t\t\t<div class=\"elementor-element elementor-element-a75f371 elementor-widget elementor-widget-text-editor\" data-id=\"a75f371\" data-element_type=\"widget\" data-widget_type=\"text-editor.default\">\n\t\t\t\t<div class=\"elementor-widget-container\">\n\t\t\t\t\t\t\t\t\t<div id=\"comp-kneu1apv\" class=\"HcOXKn c9GqVL QxJLC3 lq2cno YQcXTT comp-kneu1apv wixui-rich-text\" data-testid=\"richTextElement\"><p class=\"font_8 wixui-rich-text__text\"><span class=\"wixui-rich-text__text\">\u00a0Verleger Fabian Leonhard im Berliner Verlagsb\u00fcr<\/span><\/p><\/div>\t\t\t\t\t\t\t\t<\/div>\n\t\t\t\t<\/div>\n\t\t\t\t<\/div>\n\t\t\t\t<\/div>\n\t\t<div class=\"elementor-element elementor-element-9c900d4 e-con-full e-flex wpr-particle-no wpr-jarallax-no wpr-parallax-no wpr-sticky-section-no e-con e-child\" data-id=\"9c900d4\" data-element_type=\"container\">\n\t\t<div class=\"elementor-element elementor-element-195e6eb e-con-full e-flex wpr-particle-no wpr-jarallax-no wpr-parallax-no wpr-sticky-section-no elementor-invisible e-con e-child\" data-id=\"195e6eb\" data-element_type=\"container\" data-settings=\"{&quot;animation&quot;:&quot;fadeInUp&quot;}\">\n\t\t\t\t<div class=\"elementor-element elementor-element-2511e34 elementor-widget__width-initial elementor-widget elementor-widget-heading\" data-id=\"2511e34\" data-element_type=\"widget\" data-widget_type=\"heading.default\">\n\t\t\t\t<div class=\"elementor-widget-container\">\n\t\t\t\t\t<h2 class=\"elementor-heading-title elementor-size-default\">Pressestimmen<\/h2>\t\t\t\t<\/div>\n\t\t\t\t<\/div>\n\t\t\t\t<div class=\"elementor-element elementor-element-d14901d elementor-widget elementor-widget-text-editor\" data-id=\"d14901d\" data-element_type=\"widget\" data-widget_type=\"text-editor.default\">\n\t\t\t\t<div class=\"elementor-widget-container\">\n\t\t\t\t\t\t\t\t\t<p>In den folgenden Medien werden wir aktuell erw\u00e4hnt:<\/p>\t\t\t\t\t\t\t\t<\/div>\n\t\t\t\t<\/div>\n\t\t\t\t<\/div>\n\t\t<div class=\"elementor-element elementor-element-d971eaa e-con-full e-flex wpr-particle-no wpr-jarallax-no wpr-parallax-no wpr-sticky-section-no elementor-invisible e-con e-child\" data-id=\"d971eaa\" data-element_type=\"container\" data-settings=\"{&quot;animation&quot;:&quot;fadeInUp&quot;}\">\n\t\t\t\t<div class=\"elementor-element elementor-element-f1b62ff elementor-widget elementor-widget-image\" data-id=\"f1b62ff\" data-element_type=\"widget\" data-widget_type=\"image.default\">\n\t\t\t\t<div class=\"elementor-widget-container\">\n\t\t\t\t\t\t\t\t\t\t\t\t\t\t\t<img loading=\"lazy\" decoding=\"async\" width=\"78\" height=\"38\" src=\"https:\/\/traban.svaomega.com\/wp-content\/uploads\/2025\/06\/taz.avif\" class=\"attachment-full size-full wp-image-773\" alt=\"\" \/>\t\t\t\t\t\t\t\t\t\t\t\t\t\t\t<\/div>\n\t\t\t\t<\/div>\n\t\t\t\t<div class=\"elementor-element elementor-element-5202838 elementor-widget elementor-widget-image\" data-id=\"5202838\" data-element_type=\"widget\" data-widget_type=\"image.default\">\n\t\t\t\t<div class=\"elementor-widget-container\">\n\t\t\t\t\t\t\t\t\t\t\t\t\t\t\t<img loading=\"lazy\" decoding=\"async\" width=\"66\" height=\"38\" src=\"https:\/\/traban.svaomega.com\/wp-content\/uploads\/2025\/06\/ARD-Logo.avif\" class=\"attachment-full size-full wp-image-772\" alt=\"\" \/>\t\t\t\t\t\t\t\t\t\t\t\t\t\t\t<\/div>\n\t\t\t\t<\/div>\n\t\t\t\t<div class=\"elementor-element elementor-element-c8cc491 elementor-widget elementor-widget-image\" data-id=\"c8cc491\" data-element_type=\"widget\" data-widget_type=\"image.default\">\n\t\t\t\t<div class=\"elementor-widget-container\">\n\t\t\t\t\t\t\t\t\t\t\t\t\t\t\t<img loading=\"lazy\" decoding=\"async\" width=\"50\" height=\"38\" src=\"https:\/\/traban.svaomega.com\/wp-content\/uploads\/2025\/06\/2000px-BR-Logo_svg.avif\" class=\"attachment-full size-full wp-image-771\" alt=\"\" \/>\t\t\t\t\t\t\t\t\t\t\t\t\t\t\t<\/div>\n\t\t\t\t<\/div>\n\t\t\t\t<div class=\"elementor-element elementor-element-8248fc0 elementor-widget elementor-widget-image\" data-id=\"8248fc0\" data-element_type=\"widget\" data-widget_type=\"image.default\">\n\t\t\t\t<div class=\"elementor-widget-container\">\n\t\t\t\t\t\t\t\t\t\t\t\t\t\t\t<img loading=\"lazy\" decoding=\"async\" width=\"136\" height=\"70\" src=\"https:\/\/traban.svaomega.com\/wp-content\/uploads\/2025\/06\/kurier.avif\" class=\"attachment-full size-full wp-image-770\" alt=\"\" \/>\t\t\t\t\t\t\t\t\t\t\t\t\t\t\t<\/div>\n\t\t\t\t<\/div>\n\t\t\t\t<div class=\"elementor-element elementor-element-fb40e6c elementor-widget elementor-widget-image\" data-id=\"fb40e6c\" data-element_type=\"widget\" data-widget_type=\"image.default\">\n\t\t\t\t<div class=\"elementor-widget-container\">\n\t\t\t\t\t\t\t\t\t\t\t\t\t\t\t<img loading=\"lazy\" decoding=\"async\" width=\"156\" height=\"86\" src=\"https:\/\/traban.svaomega.com\/wp-content\/uploads\/2025\/06\/zeit.avif\" class=\"attachment-full size-full wp-image-769\" alt=\"\" \/>\t\t\t\t\t\t\t\t\t\t\t\t\t\t\t<\/div>\n\t\t\t\t<\/div>\n\t\t\t\t<div class=\"elementor-element elementor-element-96a28b0 elementor-widget elementor-widget-image\" data-id=\"96a28b0\" data-element_type=\"widget\" data-widget_type=\"image.default\">\n\t\t\t\t<div class=\"elementor-widget-container\">\n\t\t\t\t\t\t\t\t\t\t\t\t\t\t\t<img loading=\"lazy\" decoding=\"async\" width=\"172\" height=\"86\" src=\"https:\/\/traban.svaomega.com\/wp-content\/uploads\/2025\/06\/Logo_borsenblatt.avif\" class=\"attachment-full size-full wp-image-768\" alt=\"\" \/>\t\t\t\t\t\t\t\t\t\t\t\t\t\t\t<\/div>\n\t\t\t\t<\/div>\n\t\t\t\t<\/div>\n\t\t\t\t<\/div>\n\t\t<div class=\"elementor-element elementor-element-6b5c16d e-con-full e-flex wpr-particle-no wpr-jarallax-no wpr-parallax-no wpr-sticky-section-no e-con e-child\" data-id=\"6b5c16d\" data-element_type=\"container\">\n\t\t<div class=\"elementor-element elementor-element-747cdcf e-con-full e-flex wpr-particle-no wpr-jarallax-no wpr-parallax-no wpr-sticky-section-no elementor-invisible e-con e-child\" data-id=\"747cdcf\" data-element_type=\"container\" data-settings=\"{&quot;animation&quot;:&quot;fadeInUp&quot;}\">\n\t\t\t\t<div class=\"elementor-element elementor-element-0d5e742 elementor-widget__width-initial elementor-widget elementor-widget-heading\" data-id=\"0d5e742\" data-element_type=\"widget\" data-widget_type=\"heading.default\">\n\t\t\t\t<div class=\"elementor-widget-container\">\n\t\t\t\t\t<h2 class=\"elementor-heading-title elementor-size-default\">Aktuelle Pressebeitr\u00e4ge zum Trabanten Verlag<\/h2>\t\t\t\t<\/div>\n\t\t\t\t<\/div>\n\t\t\t\t<\/div>\n\t\t<div class=\"elementor-element elementor-element-c2da6d7 e-con-full e-flex wpr-particle-no wpr-jarallax-no wpr-parallax-no wpr-sticky-section-no elementor-invisible e-con e-child\" data-id=\"c2da6d7\" data-element_type=\"container\" data-settings=\"{&quot;animation&quot;:&quot;fadeInUp&quot;}\">\n\t\t\t\t<div class=\"elementor-element elementor-element-36e0aed elementor-widget elementor-widget-button\" data-id=\"36e0aed\" data-element_type=\"widget\" data-widget_type=\"button.default\">\n\t\t\t\t<div class=\"elementor-widget-container\">\n\t\t\t\t\t\t\t\t\t<div class=\"elementor-button-wrapper\">\n\t\t\t\t\t<a class=\"elementor-button elementor-button-link elementor-size-sm\" href=\"#\">\n\t\t\t\t\t\t<span class=\"elementor-button-content-wrapper\">\n\t\t\t\t\t\t\t\t\t<span class=\"elementor-button-text\">SWR Kultur<\/span>\n\t\t\t\t\t<\/span>\n\t\t\t\t\t<\/a>\n\t\t\t\t<\/div>\n\t\t\t\t\t\t\t\t<\/div>\n\t\t\t\t<\/div>\n\t\t\t\t<div class=\"elementor-element elementor-element-a95b598 elementor-widget elementor-widget-button\" data-id=\"a95b598\" data-element_type=\"widget\" data-widget_type=\"button.default\">\n\t\t\t\t<div class=\"elementor-widget-container\">\n\t\t\t\t\t\t\t\t\t<div class=\"elementor-button-wrapper\">\n\t\t\t\t\t<a class=\"elementor-button elementor-button-link elementor-size-sm\" href=\"#\">\n\t\t\t\t\t\t<span class=\"elementor-button-content-wrapper\">\n\t\t\t\t\t\t\t\t\t<span class=\"elementor-button-text\">Deutschlandfunk<\/span>\n\t\t\t\t\t<\/span>\n\t\t\t\t\t<\/a>\n\t\t\t\t<\/div>\n\t\t\t\t\t\t\t\t<\/div>\n\t\t\t\t<\/div>\n\t\t\t\t<div class=\"elementor-element elementor-element-9d75d40 elementor-widget elementor-widget-button\" data-id=\"9d75d40\" data-element_type=\"widget\" data-widget_type=\"button.default\">\n\t\t\t\t<div class=\"elementor-widget-container\">\n\t\t\t\t\t\t\t\t\t<div class=\"elementor-button-wrapper\">\n\t\t\t\t\t<a class=\"elementor-button elementor-button-link elementor-size-sm\" href=\"#\">\n\t\t\t\t\t\t<span class=\"elementor-button-content-wrapper\">\n\t\t\t\t\t\t\t\t\t<span class=\"elementor-button-text\">B\u00f6rsenblatt<\/span>\n\t\t\t\t\t<\/span>\n\t\t\t\t\t<\/a>\n\t\t\t\t<\/div>\n\t\t\t\t\t\t\t\t<\/div>\n\t\t\t\t<\/div>\n\t\t\t\t<div class=\"elementor-element elementor-element-020503a elementor-widget elementor-widget-button\" data-id=\"020503a\" data-element_type=\"widget\" data-widget_type=\"button.default\">\n\t\t\t\t<div class=\"elementor-widget-container\">\n\t\t\t\t\t\t\t\t\t<div class=\"elementor-button-wrapper\">\n\t\t\t\t\t<a class=\"elementor-button elementor-button-link elementor-size-sm\" href=\"#\">\n\t\t\t\t\t\t<span class=\"elementor-button-content-wrapper\">\n\t\t\t\t\t\t\t\t\t<span class=\"elementor-button-text\">Watson<\/span>\n\t\t\t\t\t<\/span>\n\t\t\t\t\t<\/a>\n\t\t\t\t<\/div>\n\t\t\t\t\t\t\t\t<\/div>\n\t\t\t\t<\/div>\n\t\t\t\t<\/div>\n\t\t\t\t<\/div>\n\t\t\t\t\t<\/div>\n\t\t\t\t<\/div>\n\t\t\t\t<\/div>\n\t\t","protected":false},"excerpt":{"rendered":"<p>Verlag \u00bbEine Erfolgsgeschichte in schwierigen Zeiten\u00ab &#8211; Trabanten Verlag Wir sind ein junger unabh\u00e4ngiger Verlag aus Berlin. Unser Schwerpunkt liegt neben Romanen und Lyrik auf Sachb\u00fcchern. Wir wollen Wege finden, um Menschen wieder st\u00e4rker f\u00fcr B\u00fccher zu begeistern und experi-mentieren daf\u00fcr mit neuen medialen Formen und Konzepten. Wir wollen unserer Generation in ihrer sch\u00f6pferischen Energie Fl\u00fcgel verleihen und literarisch-\u00e4sthetischen Anspruch mit dem Puls der Zeit in Einklang bringen. Dabei ist es nicht nur unser Ziel, gute B\u00fccher zu machen, sondern auch soziale Verantwortung zu \u00fcber-nehmen und zu politisieren.\u00a0 Verlagsgeschichte Am Anfang der Verlagsgr\u00fcndung stand vor allem der Wille, Lyrik wieder zur\u00fcck in den Alltag zu holen. Nachdem die ersten Gedichtb\u00e4nde wie\u00a0#lockdownlyrik\u00a0gro\u00dfe Erfolge feiern konnten, erweiterte sich das Verlagsprogramm schnell um gesellschaftspolitische Sachb\u00fccher von Autor:innen wie Gert Scobel, Gregor Gysi oder Yannick Haan. Kurz darauf folgten die ersten Romane. Besonders Irene Sol\u00e0&#8217;s Roman\u00a0Singe ich, tanzen die Berge, f\u00fcr den die Autorin den Europ\u00e4ischen Literaturpreis erhielt, entwick-elte sich schnell zum Bestseller. Dies erm\u00f6glichte, dass der Verlag weiter wachsen konnte. \u200bNach einer radikalen Modernisierung der Verlagsstruktur und Investitionen in verschiedenen Bereichen, erschien 2024 das bislang umfangreichste Programm. Dabei wurde neben neuen Romanen und Lyrikb\u00e4nden, vor allem das Sachbuch st\u00e4rker in den Mittelpunkt des Programms ger\u00fcckt. 2025 wird dieser Weg mit einem vergr\u00f6\u00dferten Verlagsteam weiter fortgesetzt. \u00a0Verleger Fabian Leonhard im Berliner Verlagsb\u00fcr Pressestimmen In den folgenden Medien werden wir aktuell erw\u00e4hnt: Aktuelle Pressebeitr\u00e4ge zum Trabanten Verlag SWR Kultur Deutschlandfunk B\u00f6rsenblatt Watson<\/p>\n","protected":false},"author":1,"featured_media":0,"parent":0,"menu_order":0,"comment_status":"closed","ping_status":"closed","template":"","meta":{"site-sidebar-layout":"no-sidebar","site-content-layout":"","ast-site-content-layout":"full-width-container","site-content-style":"default","site-sidebar-style":"default","ast-global-header-display":"","ast-banner-title-visibility":"","ast-main-header-display":"","ast-hfb-above-header-display":"","ast-hfb-below-header-display":"","ast-hfb-mobile-header-display":"","site-post-title":"disabled","ast-breadcrumbs-content":"","ast-featured-img":"disabled","footer-sml-layout":"","theme-transparent-header-meta":"","adv-header-id-meta":"","stick-header-meta":"","header-above-stick-meta":"","header-main-stick-meta":"","header-below-stick-meta":"","astra-migrate-meta-layouts":"default","ast-page-background-enabled":"default","ast-page-background-meta":{"desktop":{"background-color":"var(--ast-global-color-5)","background-image":"","background-repeat":"repeat","background-position":"center center","background-size":"auto","background-attachment":"scroll","background-type":"","background-media":"","overlay-type":"","overlay-color":"","overlay-opacity":"","overlay-gradient":""},"tablet":{"background-color":"","background-image":"","background-repeat":"repeat","background-position":"center center","background-size":"auto","background-attachment":"scroll","background-type":"","background-media":"","overlay-type":"","overlay-color":"","overlay-opacity":"","overlay-gradient":""},"mobile":{"background-color":"","background-image":"","background-repeat":"repeat","background-position":"center center","background-size":"auto","background-attachment":"scroll","background-type":"","background-media":"","overlay-type":"","overlay-color":"","overlay-opacity":"","overlay-gradient":""}},"ast-content-background-meta":{"desktop":{"background-color":"var(--ast-global-color-4)","background-image":"","background-repeat":"repeat","background-position":"center center","background-size":"auto","background-attachment":"scroll","background-type":"","background-media":"","overlay-type":"","overlay-color":"","overlay-opacity":"","overlay-gradient":""},"tablet":{"background-color":"var(--ast-global-color-4)","background-image":"","background-repeat":"repeat","background-position":"center center","background-size":"auto","background-attachment":"scroll","background-type":"","background-media":"","overlay-type":"","overlay-color":"","overlay-opacity":"","overlay-gradient":""},"mobile":{"background-color":"var(--ast-global-color-4)","background-image":"","background-repeat":"repeat","background-position":"center center","background-size":"auto","background-attachment":"scroll","background-type":"","background-media":"","overlay-type":"","overlay-color":"","overlay-opacity":"","overlay-gradient":""}},"footnotes":""},"class_list":["post-37","page","type-page","status-publish","hentry"],"_links":{"self":[{"href":"https:\/\/traban.svaomega.com\/index.php?rest_route=\/wp\/v2\/pages\/37","targetHints":{"allow":["GET"]}}],"collection":[{"href":"https:\/\/traban.svaomega.com\/index.php?rest_route=\/wp\/v2\/pages"}],"about":[{"href":"https:\/\/traban.svaomega.com\/index.php?rest_route=\/wp\/v2\/types\/page"}],"author":[{"embeddable":true,"href":"https:\/\/traban.svaomega.com\/index.php?rest_route=\/wp\/v2\/users\/1"}],"replies":[{"embeddable":true,"href":"https:\/\/traban.svaomega.com\/index.php?rest_route=%2Fwp%2Fv2%2Fcomments&post=37"}],"version-history":[{"count":46,"href":"https:\/\/traban.svaomega.com\/index.php?rest_route=\/wp\/v2\/pages\/37\/revisions"}],"predecessor-version":[{"id":843,"href":"https:\/\/traban.svaomega.com\/index.php?rest_route=\/wp\/v2\/pages\/37\/revisions\/843"}],"wp:attachment":[{"href":"https:\/\/traban.svaomega.com\/index.php?rest_route=%2Fwp%2Fv2%2Fmedia&parent=37"}],"curies":[{"name":"wp","href":"https:\/\/api.w.org\/{rel}","templated":true}]}}