{"id":643,"date":"2025-06-05T02:39:07","date_gmt":"2025-06-05T02:39:07","guid":{"rendered":"https:\/\/traban.svaomega.com\/?page_id=643"},"modified":"2025-06-05T04:57:02","modified_gmt":"2025-06-05T04:57:02","slug":"irene-sola","status":"publish","type":"page","link":"https:\/\/traban.svaomega.com\/?page_id=643","title":{"rendered":"Irene Sol\u00e0"},"content":{"rendered":"\t\t<div data-elementor-type=\"wp-page\" data-elementor-id=\"643\" class=\"elementor elementor-643\" data-elementor-post-type=\"page\">\n\t\t\t\t<div class=\"elementor-element elementor-element-6a0e5cd e-flex e-con-boxed wpr-particle-no wpr-jarallax-no wpr-parallax-no wpr-sticky-section-no e-con e-parent\" data-id=\"6a0e5cd\" data-element_type=\"container\">\n\t\t\t\t\t<div class=\"e-con-inner\">\n\t\t\t\t<div class=\"elementor-element elementor-element-db3c66b elementor-widget elementor-widget-image\" data-id=\"db3c66b\" data-element_type=\"widget\" data-widget_type=\"image.default\">\n\t\t\t\t<div class=\"elementor-widget-container\">\n\t\t\t\t\t\t\t\t\t\t\t\t\t\t\t<img fetchpriority=\"high\" decoding=\"async\" width=\"977\" height=\"551\" src=\"https:\/\/traban.svaomega.com\/wp-content\/uploads\/2025\/06\/KLEINER-copy-2.png\" class=\"attachment-full size-full wp-image-655\" alt=\"\" srcset=\"https:\/\/traban.svaomega.com\/wp-content\/uploads\/2025\/06\/KLEINER-copy-2.png 977w, https:\/\/traban.svaomega.com\/wp-content\/uploads\/2025\/06\/KLEINER-copy-2-600x338.png 600w, https:\/\/traban.svaomega.com\/wp-content\/uploads\/2025\/06\/KLEINER-copy-2-300x169.png 300w, https:\/\/traban.svaomega.com\/wp-content\/uploads\/2025\/06\/KLEINER-copy-2-768x433.png 768w\" sizes=\"(max-width: 977px) 100vw, 977px\" \/>\t\t\t\t\t\t\t\t\t\t\t\t\t\t\t<\/div>\n\t\t\t\t<\/div>\n\t\t\t\t\t<\/div>\n\t\t\t\t<\/div>\n\t\t<div class=\"elementor-element elementor-element-aac6d3a e-flex e-con-boxed wpr-particle-no wpr-jarallax-no wpr-parallax-no wpr-sticky-section-no e-con e-parent\" data-id=\"aac6d3a\" data-element_type=\"container\">\n\t\t\t\t\t<div class=\"e-con-inner\">\n\t\t<div class=\"elementor-element elementor-element-fca67f8 e-con-full e-flex wpr-particle-no wpr-jarallax-no wpr-parallax-no wpr-sticky-section-no e-con e-child\" data-id=\"fca67f8\" data-element_type=\"container\">\n\t\t\t\t<div class=\"elementor-element elementor-element-a3b1484 elementor-widget elementor-widget-image\" data-id=\"a3b1484\" data-element_type=\"widget\" data-widget_type=\"image.default\">\n\t\t\t\t<div class=\"elementor-widget-container\">\n\t\t\t\t\t\t\t\t\t\t\t\t\t\t\t<img decoding=\"async\" width=\"296\" height=\"296\" src=\"https:\/\/traban.svaomega.com\/wp-content\/uploads\/2025\/06\/Schlagschatten-2-2.avif\" class=\"attachment-full size-full wp-image-654\" alt=\"\" srcset=\"https:\/\/traban.svaomega.com\/wp-content\/uploads\/2025\/06\/Schlagschatten-2-2.avif 296w, https:\/\/traban.svaomega.com\/wp-content\/uploads\/2025\/06\/Schlagschatten-2-2-100x100.avif 100w, https:\/\/traban.svaomega.com\/wp-content\/uploads\/2025\/06\/Schlagschatten-2-2-150x150.avif 150w\" sizes=\"(max-width: 296px) 100vw, 296px\" \/>\t\t\t\t\t\t\t\t\t\t\t\t\t\t\t<\/div>\n\t\t\t\t<\/div>\n\t\t\t\t<div class=\"elementor-element elementor-element-9bdda34 elementor-widget elementor-widget-text-editor\" data-id=\"9bdda34\" data-element_type=\"widget\" data-widget_type=\"text-editor.default\">\n\t\t\t\t<div class=\"elementor-widget-container\">\n\t\t\t\t\t\t\t\t\t<div id=\"comp-kysyosot\" class=\"HcOXKn c9GqVL QxJLC3 lq2cno YQcXTT comp-kysyosot wixui-rich-text\" data-testid=\"richTextElement\"><div id=\"comp-kysyts52\" class=\"HcOXKn c9GqVL QxJLC3 lq2cno YQcXTT comp-kysyts52 wixui-rich-text\" data-testid=\"richTextElement\"><h5 class=\"font_7 wixui-rich-text__text\"><span class=\"wixui-rich-text__text\"><strong>22,00 \u20ac<\/strong>\u00a0<\/span><span class=\"wixui-rich-text__text\"> [D]<\/span><\/h5><\/div><\/div>\t\t\t\t\t\t\t\t<\/div>\n\t\t\t\t<\/div>\n\t\t\t\t<div class=\"elementor-element elementor-element-74b108b elementor-widget elementor-widget-button\" data-id=\"74b108b\" data-element_type=\"widget\" data-widget_type=\"button.default\">\n\t\t\t\t<div class=\"elementor-widget-container\">\n\t\t\t\t\t\t\t\t\t<div class=\"elementor-button-wrapper\">\n\t\t\t\t\t<a class=\"elementor-button elementor-button-link elementor-size-sm\" href=\"#\">\n\t\t\t\t\t\t<span class=\"elementor-button-content-wrapper\">\n\t\t\t\t\t\t\t\t\t<span class=\"elementor-button-text\">Leseprobe<\/span>\n\t\t\t\t\t<\/span>\n\t\t\t\t\t<\/a>\n\t\t\t\t<\/div>\n\t\t\t\t\t\t\t\t<\/div>\n\t\t\t\t<\/div>\n\t\t\t\t<div class=\"elementor-element elementor-element-28c685c elementor-widget elementor-widget-button\" data-id=\"28c685c\" data-element_type=\"widget\" data-widget_type=\"button.default\">\n\t\t\t\t<div class=\"elementor-widget-container\">\n\t\t\t\t\t\t\t\t\t<div class=\"elementor-button-wrapper\">\n\t\t\t\t\t<a class=\"elementor-button elementor-button-link elementor-size-sm\" href=\"#\">\n\t\t\t\t\t\t<span class=\"elementor-button-content-wrapper\">\n\t\t\t\t\t\t\t\t\t<span class=\"elementor-button-text\">In den Warenkorb<\/span>\n\t\t\t\t\t<\/span>\n\t\t\t\t\t<\/a>\n\t\t\t\t<\/div>\n\t\t\t\t\t\t\t\t<\/div>\n\t\t\t\t<\/div>\n\t\t\t\t<div class=\"elementor-element elementor-element-e9e5660 elementor-widget elementor-widget-text-editor\" data-id=\"e9e5660\" data-element_type=\"widget\" data-widget_type=\"text-editor.default\">\n\t\t\t\t<div class=\"elementor-widget-container\">\n\t\t\t\t\t\t\t\t\t<div id=\"comp-kysyosot\" class=\"HcOXKn c9GqVL QxJLC3 lq2cno YQcXTT comp-kysyosot wixui-rich-text\" data-testid=\"richTextElement\"><h4 class=\"font_2 wixui-rich-text__text\"><strong><span class=\"wixui-rich-text__text\">Details<\/span><\/strong><\/h4><\/div><div id=\"comp-kysyo8mh\" class=\"HcOXKn c9GqVL QxJLC3 lq2cno YQcXTT comp-kysyo8mh wixui-rich-text\" data-testid=\"richTextElement\"><span style=\"font-size: 16px;\">208 Seiten<\/span><\/div><div id=\"comp-kytwu11m\" class=\"HcOXKn c9GqVL QxJLC3 lq2cno YQcXTT comp-kytwu11m wixui-rich-text\" data-testid=\"richTextElement\"><p class=\"font_8 wixui-rich-text__text\">\u20ac 22,00 [D]<br class=\"wixui-rich-text__text\" \/>Hardcover mit Leseband<br class=\"wixui-rich-text__text\" \/>ISBN 978-3-98697-000-0<br class=\"wixui-rich-text__text\" \/><span class=\"wixui-rich-text__text\">Erscheint am 01.03.2022<\/span><\/p><\/div>\t\t\t\t\t\t\t\t<\/div>\n\t\t\t\t<\/div>\n\t\t\t\t<div class=\"elementor-element elementor-element-5bb9553 elementor-widget elementor-widget-text-editor\" data-id=\"5bb9553\" data-element_type=\"widget\" data-widget_type=\"text-editor.default\">\n\t\t\t\t<div class=\"elementor-widget-container\">\n\t\t\t\t\t\t\t\t\t<div id=\"comp-kysyosot\" class=\"HcOXKn c9GqVL QxJLC3 lq2cno YQcXTT comp-kysyosot wixui-rich-text\" data-testid=\"richTextElement\"><div id=\"comp-kyvnuubx\" class=\"HcOXKn c9GqVL QxJLC3 lq2cno YQcXTT comp-kyvnuubx wixui-rich-text\" data-testid=\"richTextElement\"><h4 class=\"font_2 wixui-rich-text__text\"><span class=\"wixui-rich-text__text\">Veranstaltungen<\/span><\/h4><\/div><div id=\"comp-kyvnvq81\" class=\"HcOXKn c9GqVL QxJLC3 lq2cno YQcXTT comp-kyvnvq81 wixui-rich-text\" data-testid=\"richTextElement\"><div id=\"comp-kyvnvq81\" class=\"HcOXKn c9GqVL QxJLC3 lq2cno YQcXTT comp-kyvnvq81 wixui-rich-text\" data-testid=\"richTextElement\"><p class=\"font_8 wixui-rich-text__text\"><span class=\"wixui-rich-text__text\">Eine gro\u00dfe Lese- und Pressereise mit der Autorin ist vom 17. bis 24. M\u00e4rz geplant.<\/span><\/p><\/div><div id=\"comp-kytwxj4q\" class=\"MazNVa comp-kytwxj4q wixui-image\"><div class=\"j7pOnl\" data-testid=\"linkElement\">\u00a0<\/div><\/div><\/div><\/div>\t\t\t\t\t\t\t\t<\/div>\n\t\t\t\t<\/div>\n\t\t\t\t<\/div>\n\t\t<div class=\"elementor-element elementor-element-1842121 e-con-full e-flex wpr-particle-no wpr-jarallax-no wpr-parallax-no wpr-sticky-section-no e-con e-child\" data-id=\"1842121\" data-element_type=\"container\">\n\t\t\t\t<div class=\"elementor-element elementor-element-8708760 elementor-widget elementor-widget-text-editor\" data-id=\"8708760\" data-element_type=\"widget\" data-widget_type=\"text-editor.default\">\n\t\t\t\t<div class=\"elementor-widget-container\">\n\t\t\t\t\t\t\t\t\t<div id=\"comp-kysyosot\" class=\"HcOXKn c9GqVL QxJLC3 lq2cno YQcXTT comp-kysyosot wixui-rich-text\" data-testid=\"richTextElement\"><h3 class=\"font_9 wixui-rich-text__text\"><strong><span class=\"wixui-rich-text__text\">Irene Sol\u00e0<\/span><\/strong><\/h3><\/div><div id=\"comp-kysyo8mh\" class=\"HcOXKn c9GqVL QxJLC3 lq2cno YQcXTT comp-kysyo8mh wixui-rich-text\" data-testid=\"richTextElement\"><h3 class=\"font_9 wixui-rich-text__text\"><span class=\"wixui-rich-text__text\">Singe ich, tanzen die Berge<\/span><\/h3><\/div><div id=\"comp-kytws78l\" class=\"HcOXKn c9GqVL QxJLC3 lq2cno YQcXTT comp-kytws78l wixui-rich-text\" data-testid=\"richTextElement\"><p class=\"font_9 wixui-rich-text__text\"><strong><span class=\"wixui-rich-text__text\">\u00bbSinge ich, tanzen die Berge\u00ab ist ein Buch von wilder Sch\u00f6nheit, eine Fabel und mystische Symphonie, in der sich die Realit\u00e4t mit Legenden und Aberglauben vermischt.<\/span><\/strong><\/p><\/div><div id=\"comp-kytwu11m\" class=\"HcOXKn c9GqVL QxJLC3 lq2cno YQcXTT comp-kytwu11m wixui-rich-text\" data-testid=\"richTextElement\"><p class=\"font_8 wixui-rich-text__text\"><span class=\"wixui-rich-text__text\">Gewitterwolken sch\u00fcrfen \u00fcber den R\u00fccken der Pyren\u00e4en und ein Blitz erschl\u00e4gt den dichtenden Bauern Dom\u00e8nec, dessen junge Frau Si\u00f3 mit ihrem Schwiegervater und ihren Kindern allein zur\u00fcckbleibt. Doch das Leben geht weiter. Teilnahmslos beobachten die Berge das Werden und Vergehen derer, die dort leben.<br class=\"wixui-rich-text__text\" \/><br class=\"wixui-rich-text__text\" \/>Die junge katalanische Schriftstellerin Irene Sol\u00e0, die f\u00fcr diesen Roman 2020 mit dem Europ\u00e4ischen Literaturpreis ausgezeichnet wurde, erschafft und belebt eine vielstimmige und poetische Welt, erz\u00e4hlt durch starke Frauen und mystische Stimmen von Gro\u00dfeltern, Eltern, Kindern, Tieren, Geistern, dem Wald und den Wolken. Sie alle bilden diese Geschichten, die auf eine sch\u00f6ne und magische, aber auch tragische Art und Weise miteinander verbunden sind. Alle vereint im Kreislauf von Geburt, Leben und Tod. Sol\u00e0 erz\u00e4hlt die Geschichte der Berge, die die Erinnerung an Jahrhunderte, an geologische Epochen, politische Konflikte und die Verbindung mit der Natur umfasst.<\/span><\/p><\/div>\t\t\t\t\t\t\t\t<\/div>\n\t\t\t\t<\/div>\n\t\t\t\t<\/div>\n\t\t<div class=\"elementor-element elementor-element-1f2dddd e-con-full e-flex wpr-particle-no wpr-jarallax-no wpr-parallax-no wpr-sticky-section-no e-con e-child\" data-id=\"1f2dddd\" data-element_type=\"container\">\n\t\t\t\t<div class=\"elementor-element elementor-element-9096da1 elementor-widget elementor-widget-image\" data-id=\"9096da1\" data-element_type=\"widget\" data-widget_type=\"image.default\">\n\t\t\t\t<div class=\"elementor-widget-container\">\n\t\t\t\t\t\t\t\t\t\t\t\t\t\t\t<img decoding=\"async\" width=\"208\" height=\"230\" src=\"https:\/\/traban.svaomega.com\/wp-content\/uploads\/2025\/06\/Irene-Sola_Oscar-Holloway_edited.avif\" class=\"attachment-full size-full wp-image-656\" alt=\"\" \/>\t\t\t\t\t\t\t\t\t\t\t\t\t\t\t<\/div>\n\t\t\t\t<\/div>\n\t\t\t\t<div class=\"elementor-element elementor-element-873a887 elementor-widget elementor-widget-button\" data-id=\"873a887\" data-element_type=\"widget\" data-widget_type=\"button.default\">\n\t\t\t\t<div class=\"elementor-widget-container\">\n\t\t\t\t\t\t\t\t\t<div class=\"elementor-button-wrapper\">\n\t\t\t\t\t<a class=\"elementor-button elementor-button-link elementor-size-sm\" href=\"#\">\n\t\t\t\t\t\t<span class=\"elementor-button-content-wrapper\">\n\t\t\t\t\t\t\t\t\t<span class=\"elementor-button-text\">Zur Autorin<\/span>\n\t\t\t\t\t<\/span>\n\t\t\t\t\t<\/a>\n\t\t\t\t<\/div>\n\t\t\t\t\t\t\t\t<\/div>\n\t\t\t\t<\/div>\n\t\t\t\t<div class=\"elementor-element elementor-element-2017f29 elementor-widget elementor-widget-button\" data-id=\"2017f29\" data-element_type=\"widget\" data-widget_type=\"button.default\">\n\t\t\t\t<div class=\"elementor-widget-container\">\n\t\t\t\t\t\t\t\t\t<div class=\"elementor-button-wrapper\">\n\t\t\t\t\t<a class=\"elementor-button elementor-button-link elementor-size-sm\" href=\"#\">\n\t\t\t\t\t\t<span class=\"elementor-button-content-wrapper\">\n\t\t\t\t\t\t\t\t\t<span class=\"elementor-button-text\">Pressematerial<\/span>\n\t\t\t\t\t<\/span>\n\t\t\t\t\t<\/a>\n\t\t\t\t<\/div>\n\t\t\t\t\t\t\t\t<\/div>\n\t\t\t\t<\/div>\n\t\t\t\t<div class=\"elementor-element elementor-element-7182e0a elementor-widget elementor-widget-text-editor\" data-id=\"7182e0a\" data-element_type=\"widget\" data-widget_type=\"text-editor.default\">\n\t\t\t\t<div class=\"elementor-widget-container\">\n\t\t\t\t\t\t\t\t\t<div id=\"comp-kysyosot\" class=\"HcOXKn c9GqVL QxJLC3 lq2cno YQcXTT comp-kysyosot wixui-rich-text\" data-testid=\"richTextElement\"><p class=\"font_8 wixui-rich-text__text\"><span class=\"wixui-rich-text__text\">Originalausgabe:<\/span><br class=\"wixui-rich-text__text\" \/><em><span class=\"wixui-rich-text__text\">Canto jo i la muntanya balla<\/span><\/em><br class=\"wixui-rich-text__text\" \/><em><span class=\"wixui-rich-text__text\">Editorial Anagrama, Barcelona<br class=\"wixui-rich-text__text\" \/>2019<\/span><\/em><\/p><p class=\"font_8 wixui-rich-text__text\"><span class=\"wixui-rich-text__text\"><br class=\"wixui-rich-text__text\" \/>Aus dem Katalanischen von<br class=\"wixui-rich-text__text\" \/><strong>Petra Zickmann.<\/strong><\/span><\/p><p class=\"font_8 wixui-rich-text__text\"><span class=\"wixui-rich-text__text\"><span class=\"wixGuard wixui-rich-text__text\">\u200b<\/span><\/span><span class=\"wixui-rich-text__text\">Wird derzeit weltweit in\u00a0\u00fcber<br class=\"wixui-rich-text__text\" \/><strong>21 Sprachen\u00a0\u00fcbersetzt.<\/strong><\/span><\/p><\/div>\t\t\t\t\t\t\t\t<\/div>\n\t\t\t\t<\/div>\n\t\t\t\t<div class=\"elementor-element elementor-element-110e3f8 elementor-widget elementor-widget-image\" data-id=\"110e3f8\" data-element_type=\"widget\" data-widget_type=\"image.default\">\n\t\t\t\t<div class=\"elementor-widget-container\">\n\t\t\t\t\t\t\t\t\t\t\t\t\t\t\t<img loading=\"lazy\" decoding=\"async\" width=\"107\" height=\"60\" src=\"https:\/\/traban.svaomega.com\/wp-content\/uploads\/2025\/06\/Logo_NetGalley.avif\" class=\"attachment-full size-full wp-image-657\" alt=\"\" \/>\t\t\t\t\t\t\t\t\t\t\t\t\t\t\t<\/div>\n\t\t\t\t<\/div>\n\t\t\t\t<\/div>\n\t\t\t\t\t<\/div>\n\t\t\t\t<\/div>\n\t\t<div class=\"elementor-element elementor-element-fe82ece e-flex e-con-boxed wpr-particle-no wpr-jarallax-no wpr-parallax-no wpr-sticky-section-no e-con e-parent\" data-id=\"fe82ece\" data-element_type=\"container\">\n\t\t\t\t\t<div class=\"e-con-inner\">\n\t\t\t\t<div class=\"elementor-element elementor-element-17f2182 elementor-widget elementor-widget-text-editor\" data-id=\"17f2182\" data-element_type=\"widget\" data-widget_type=\"text-editor.default\">\n\t\t\t\t<div class=\"elementor-widget-container\">\n\t\t\t\t\t\t\t\t\t<div id=\"comp-kysyosot\" class=\"HcOXKn c9GqVL QxJLC3 lq2cno YQcXTT comp-kysyosot wixui-rich-text\" data-testid=\"richTextElement\"><div id=\"comp-kyvnuubx\" class=\"HcOXKn c9GqVL QxJLC3 lq2cno YQcXTT comp-kyvnuubx wixui-rich-text\" data-testid=\"richTextElement\"><div id=\"comp-kytyupke\" class=\"HcOXKn c9GqVL QxJLC3 lq2cno YQcXTT comp-kytyupke wixui-rich-text\" data-testid=\"richTextElement\"><h3 class=\"font_9 wixui-rich-text__text\"><strong><span class=\"wixui-rich-text__text\">Pressestimmen<\/span><\/strong><\/h3><\/div><\/div><\/div>\t\t\t\t\t\t\t\t<\/div>\n\t\t\t\t<\/div>\n\t\t<div class=\"elementor-element elementor-element-1fdc6df e-con-full e-flex wpr-particle-no wpr-jarallax-no wpr-parallax-no wpr-sticky-section-no e-con e-child\" data-id=\"1fdc6df\" data-element_type=\"container\" data-settings=\"{&quot;background_background&quot;:&quot;classic&quot;,&quot;shape_divider_top&quot;:&quot;arrow&quot;,&quot;shape_divider_top_negative&quot;:&quot;yes&quot;}\">\n\t\t\t\t<div class=\"elementor-shape elementor-shape-top\" aria-hidden=\"true\" data-negative=\"true\">\n\t\t\t<svg xmlns=\"http:\/\/www.w3.org\/2000\/svg\" viewBox=\"0 0 700 10\" preserveAspectRatio=\"none\">\n\t<path class=\"elementor-shape-fill\" d=\"M360 0L350 9.9 340 0 0 0 0 10 700 10 700 0\"\/>\n<\/svg>\t\t<\/div>\n\t\t\t\t<div class=\"elementor-element elementor-element-d7a1299 elementor-widget__width-initial elementor-widget elementor-widget-text-editor\" data-id=\"d7a1299\" data-element_type=\"widget\" data-widget_type=\"text-editor.default\">\n\t\t\t\t<div class=\"elementor-widget-container\">\n\t\t\t\t\t\t\t\t\t<div id=\"comp-kytyz01j\" class=\"HcOXKn c9GqVL QxJLC3 lq2cno YQcXTT comp-kytyz01j wixui-rich-text\" data-testid=\"richTextElement\"><h6 class=\"font_7 wixui-rich-text__text\"><span class=\"wixui-rich-text__text\">\u00bbDieses Buch ist ein wahres Wunder. Ein vielstimmiger Chorgesang, so voller Imagination und Leben, dass man sich im Lesen eingeh\u00fcllt und verzaubert f\u00fchlt, wie in eine andere Ebene der Realit\u00e4t entf\u00fchrt.\u00ab<br class=\"wixui-rich-text__text\" \/>\u00a0\u00a0 \u00a0 \u00a0 \u00a0 \u00a0 \u00a0 \u00a0 \u00a0 \u00a0 \u00a0 \u00a0 \u00a0 \u00a0 \u00a0 \u00a0 \u00a0 \u00a0 \u00a0 \u00a0 \u00a0 \u00a0 \u00a0 \u00a0 \u00a0 \u00a0 \u00a0\u00a0<\/span><\/h6><\/div><div id=\"comp-kyu21qnb\" class=\"HcOXKn c9GqVL QxJLC3 lq2cno YQcXTT comp-kyu21qnb wixui-rich-text\" data-testid=\"richTextElement\"><p class=\"font_8 wixui-rich-text__text\"><span class=\"wixui-rich-text__text\">\u2013<em> Dr. Karin Janker<\/em><\/span><span class=\"wixui-rich-text__text\"><em>,<\/em> <strong>S\u00fcddeutsche Zeitung<\/strong><\/span><\/p><\/div><div id=\"comp-kytz18b8\" class=\"HcOXKn c9GqVL QxJLC3 lq2cno YQcXTT comp-kytz18b8 wixui-rich-text\" data-testid=\"richTextElement\"><h6 class=\"font_7 wixui-rich-text__text\"><span class=\"wixui-rich-text__text\">\u00bbEs sind Geschichten von schroffer wilder Sch\u00f6nheit \u2013 wie die katalanischen Pyren\u00e4en.\u00ab<br class=\"wixui-rich-text__text\" \/>\u00a0 \u00a0 \u00a0 \u00a0 \u00a0 \u00a0 \u00a0 \u00a0 \u00a0 \u00a0 \u00a0 \u00a0 \u00a0 \u00a0 \u00a0 \u00a0 \u00a0 \u00a0 \u00a0 \u00a0 \u00a0 \u00a0 \u00a0 \u00a0 \u00a0 \u00a0 \u00a0 \u00a0 \u00a0 \u00a0 \u00a0 \u00a0 \u00a0 \u00a0 \u00a0 \u00a0 \u00a0 \u00a0 \u00a0 \u00a0 \u00a0 \u00a0\u00a0 \u00a0 \u00a0 \u00a0 \u00a0 \u00a0 \u00a0<\/span><\/h6><\/div><div id=\"comp-kyu25qft\" class=\"HcOXKn c9GqVL QxJLC3 lq2cno YQcXTT comp-kyu25qft wixui-rich-text\" data-testid=\"richTextElement\"><p class=\"font_8 wixui-rich-text__text\"><span class=\"wixui-rich-text__text\"><em>\u2013 Nina Apin,<\/em>\u00a0<\/span><span class=\"wixui-rich-text__text\">taz<\/span><\/p><\/div><div id=\"comp-kytzfnkq\" class=\"HcOXKn c9GqVL QxJLC3 lq2cno YQcXTT comp-kytzfnkq wixui-rich-text\" data-testid=\"richTextElement\"><h6 class=\"font_8 wixui-rich-text__text\"><span class=\"wixui-rich-text__text\">\u00bbWas Poesie heute sein kann, spielt diese Autorin auf der Klaviatur ihres Laptops durch: Einworts\u00e4tze wie Hagelk\u00f6rner, Derbes und Zartes im Tanze vereint, Refrains wie Zauberspr\u00fcche.\u00ab<\/span><\/h6><p class=\"font_8 wixui-rich-text__text\">\u00a0 \u00a0 \u00a0 \u00a0 \u00a0 \u00a0 \u00a0 \u00a0 \u00a0 \u00a0 \u00a0 \u00a0 \u00a0 \u00a0 \u00a0 \u00a0 \u00a0 \u00a0 \u00a0<br class=\"wixui-rich-text__text\" \/><em>\u00a0<\/em><span class=\"wixui-rich-text__text\" style=\"font-size: 16px;\"><em>\u2013 Tina Uhlmann,<\/em>\u00a0<\/span><span class=\"wixui-rich-text__text\" style=\"font-size: 16px;\">freie Journalistin und Verlegerin<\/span><\/p><\/div>\t\t\t\t\t\t\t\t<\/div>\n\t\t\t\t<\/div>\n\t\t\t\t<\/div>\n\t\t\t\t\t<\/div>\n\t\t\t\t<\/div>\n\t\t\t\t<\/div>\n\t\t","protected":false},"excerpt":{"rendered":"<p>22,00 \u20ac\u00a0 [D] Leseprobe In den Warenkorb Details 208 Seiten \u20ac 22,00 [D]Hardcover mit LesebandISBN 978-3-98697-000-0Erscheint am 01.03.2022 Veranstaltungen Eine gro\u00dfe Lese- und Pressereise mit der Autorin ist vom 17. bis 24. M\u00e4rz geplant. \u00a0 Irene Sol\u00e0 Singe ich, tanzen die Berge \u00bbSinge ich, tanzen die Berge\u00ab ist ein Buch von wilder Sch\u00f6nheit, eine Fabel und mystische Symphonie, in der sich die Realit\u00e4t mit Legenden und Aberglauben vermischt. Gewitterwolken sch\u00fcrfen \u00fcber den R\u00fccken der Pyren\u00e4en und ein Blitz erschl\u00e4gt den dichtenden Bauern Dom\u00e8nec, dessen junge Frau Si\u00f3 mit ihrem Schwiegervater und ihren Kindern allein zur\u00fcckbleibt. Doch das Leben geht weiter. Teilnahmslos beobachten die Berge das Werden und Vergehen derer, die dort leben. Die junge katalanische Schriftstellerin Irene Sol\u00e0, die f\u00fcr diesen Roman 2020 mit dem Europ\u00e4ischen Literaturpreis ausgezeichnet wurde, erschafft und belebt eine vielstimmige und poetische Welt, erz\u00e4hlt durch starke Frauen und mystische Stimmen von Gro\u00dfeltern, Eltern, Kindern, Tieren, Geistern, dem Wald und den Wolken. Sie alle bilden diese Geschichten, die auf eine sch\u00f6ne und magische, aber auch tragische Art und Weise miteinander verbunden sind. Alle vereint im Kreislauf von Geburt, Leben und Tod. Sol\u00e0 erz\u00e4hlt die Geschichte der Berge, die die Erinnerung an Jahrhunderte, an geologische Epochen, politische Konflikte und die Verbindung mit der Natur umfasst. Zur Autorin Pressematerial Originalausgabe:Canto jo i la muntanya ballaEditorial Anagrama, Barcelona2019 Aus dem Katalanischen vonPetra Zickmann. \u200bWird derzeit weltweit in\u00a0\u00fcber21 Sprachen\u00a0\u00fcbersetzt. Pressestimmen \u00bbDieses Buch ist ein wahres Wunder. Ein vielstimmiger Chorgesang, so voller Imagination und Leben, dass man sich im Lesen eingeh\u00fcllt und verzaubert f\u00fchlt, wie in eine andere Ebene der Realit\u00e4t entf\u00fchrt.\u00ab\u00a0\u00a0 \u00a0 \u00a0 \u00a0 \u00a0 \u00a0 \u00a0 \u00a0 \u00a0 \u00a0 \u00a0 \u00a0 \u00a0 \u00a0 \u00a0 \u00a0 \u00a0 \u00a0 \u00a0 \u00a0 \u00a0 \u00a0 \u00a0 \u00a0 \u00a0 \u00a0\u00a0 \u2013 Dr. Karin Janker, S\u00fcddeutsche Zeitung \u00bbEs sind Geschichten von schroffer wilder Sch\u00f6nheit \u2013 wie die katalanischen Pyren\u00e4en.\u00ab\u00a0 \u00a0 \u00a0 \u00a0 \u00a0 \u00a0 \u00a0 \u00a0 \u00a0 \u00a0 \u00a0 \u00a0 \u00a0 \u00a0 \u00a0 \u00a0 \u00a0 \u00a0 \u00a0 \u00a0 \u00a0 \u00a0 \u00a0 \u00a0 \u00a0 \u00a0 \u00a0 \u00a0 \u00a0 \u00a0 \u00a0 \u00a0 \u00a0 \u00a0 \u00a0 \u00a0 \u00a0 \u00a0 \u00a0 \u00a0 \u00a0 \u00a0\u00a0 \u00a0 \u00a0 \u00a0 \u00a0 \u00a0 \u00a0 \u2013 Nina Apin,\u00a0taz \u00bbWas Poesie heute sein kann, spielt diese Autorin auf der Klaviatur ihres Laptops durch: Einworts\u00e4tze wie Hagelk\u00f6rner, Derbes und Zartes im Tanze vereint, Refrains wie Zauberspr\u00fcche.\u00ab \u00a0 \u00a0 \u00a0 \u00a0 \u00a0 \u00a0 \u00a0 \u00a0 \u00a0 \u00a0 \u00a0 \u00a0 \u00a0 \u00a0 \u00a0 \u00a0 \u00a0 \u00a0 \u00a0\u00a0\u2013 Tina Uhlmann,\u00a0freie Journalistin und Verlegerin<\/p>\n","protected":false},"author":1,"featured_media":0,"parent":0,"menu_order":0,"comment_status":"closed","ping_status":"closed","template":"","meta":{"site-sidebar-layout":"no-sidebar","site-content-layout":"","ast-site-content-layout":"full-width-container","site-content-style":"default","site-sidebar-style":"default","ast-global-header-display":"","ast-banner-title-visibility":"","ast-main-header-display":"","ast-hfb-above-header-display":"","ast-hfb-below-header-display":"","ast-hfb-mobile-header-display":"","site-post-title":"disabled","ast-breadcrumbs-content":"","ast-featured-img":"disabled","footer-sml-layout":"","theme-transparent-header-meta":"","adv-header-id-meta":"","stick-header-meta":"","header-above-stick-meta":"","header-main-stick-meta":"","header-below-stick-meta":"","astra-migrate-meta-layouts":"default","ast-page-background-enabled":"default","ast-page-background-meta":{"desktop":{"background-color":"var(--ast-global-color-5)","background-image":"","background-repeat":"repeat","background-position":"center center","background-size":"auto","background-attachment":"scroll","background-type":"","background-media":"","overlay-type":"","overlay-color":"","overlay-opacity":"","overlay-gradient":""},"tablet":{"background-color":"","background-image":"","background-repeat":"repeat","background-position":"center center","background-size":"auto","background-attachment":"scroll","background-type":"","background-media":"","overlay-type":"","overlay-color":"","overlay-opacity":"","overlay-gradient":""},"mobile":{"background-color":"","background-image":"","background-repeat":"repeat","background-position":"center center","background-size":"auto","background-attachment":"scroll","background-type":"","background-media":"","overlay-type":"","overlay-color":"","overlay-opacity":"","overlay-gradient":""}},"ast-content-background-meta":{"desktop":{"background-color":"var(--ast-global-color-4)","background-image":"","background-repeat":"repeat","background-position":"center center","background-size":"auto","background-attachment":"scroll","background-type":"","background-media":"","overlay-type":"","overlay-color":"","overlay-opacity":"","overlay-gradient":""},"tablet":{"background-color":"var(--ast-global-color-4)","background-image":"","background-repeat":"repeat","background-position":"center center","background-size":"auto","background-attachment":"scroll","background-type":"","background-media":"","overlay-type":"","overlay-color":"","overlay-opacity":"","overlay-gradient":""},"mobile":{"background-color":"var(--ast-global-color-4)","background-image":"","background-repeat":"repeat","background-position":"center center","background-size":"auto","background-attachment":"scroll","background-type":"","background-media":"","overlay-type":"","overlay-color":"","overlay-opacity":"","overlay-gradient":""}},"footnotes":""},"class_list":["post-643","page","type-page","status-publish","hentry"],"_links":{"self":[{"href":"https:\/\/traban.svaomega.com\/index.php?rest_route=\/wp\/v2\/pages\/643","targetHints":{"allow":["GET"]}}],"collection":[{"href":"https:\/\/traban.svaomega.com\/index.php?rest_route=\/wp\/v2\/pages"}],"about":[{"href":"https:\/\/traban.svaomega.com\/index.php?rest_route=\/wp\/v2\/types\/page"}],"author":[{"embeddable":true,"href":"https:\/\/traban.svaomega.com\/index.php?rest_route=\/wp\/v2\/users\/1"}],"replies":[{"embeddable":true,"href":"https:\/\/traban.svaomega.com\/index.php?rest_route=%2Fwp%2Fv2%2Fcomments&post=643"}],"version-history":[{"count":31,"href":"https:\/\/traban.svaomega.com\/index.php?rest_route=\/wp\/v2\/pages\/643\/revisions"}],"predecessor-version":[{"id":697,"href":"https:\/\/traban.svaomega.com\/index.php?rest_route=\/wp\/v2\/pages\/643\/revisions\/697"}],"wp:attachment":[{"href":"https:\/\/traban.svaomega.com\/index.php?rest_route=%2Fwp%2Fv2%2Fmedia&parent=643"}],"curies":[{"name":"wp","href":"https:\/\/api.w.org\/{rel}","templated":true}]}}