{"id":645,"date":"2025-06-05T02:40:15","date_gmt":"2025-06-05T02:40:15","guid":{"rendered":"https:\/\/traban.svaomega.com\/?page_id=645"},"modified":"2025-06-05T05:18:29","modified_gmt":"2025-06-05T05:18:29","slug":"yannick-haan-enterbt-uns-doch-endlich","status":"publish","type":"page","link":"https:\/\/traban.svaomega.com\/?page_id=645","title":{"rendered":"Yannick Haan Enterbt uns doch endlich"},"content":{"rendered":"\t\t<div data-elementor-type=\"wp-page\" data-elementor-id=\"645\" class=\"elementor elementor-645\" data-elementor-post-type=\"page\">\n\t\t\t\t<div class=\"elementor-element elementor-element-9c0e478 e-flex e-con-boxed wpr-particle-no wpr-jarallax-no wpr-parallax-no wpr-sticky-section-no e-con e-parent\" data-id=\"9c0e478\" data-element_type=\"container\">\n\t\t\t\t\t<div class=\"e-con-inner\">\n\t\t\t\t<div class=\"elementor-element elementor-element-964e911 elementor-widget elementor-widget-image\" data-id=\"964e911\" data-element_type=\"widget\" data-widget_type=\"image.default\">\n\t\t\t\t<div class=\"elementor-widget-container\">\n\t\t\t\t\t\t\t\t\t\t\t\t\t\t\t<img fetchpriority=\"high\" decoding=\"async\" width=\"977\" height=\"551\" src=\"https:\/\/traban.svaomega.com\/wp-content\/uploads\/2025\/06\/Yannick-Haan_Banner_KLEINER-copy.png\" class=\"attachment-full size-full wp-image-685\" alt=\"\" srcset=\"https:\/\/traban.svaomega.com\/wp-content\/uploads\/2025\/06\/Yannick-Haan_Banner_KLEINER-copy.png 977w, https:\/\/traban.svaomega.com\/wp-content\/uploads\/2025\/06\/Yannick-Haan_Banner_KLEINER-copy-600x338.png 600w, https:\/\/traban.svaomega.com\/wp-content\/uploads\/2025\/06\/Yannick-Haan_Banner_KLEINER-copy-300x169.png 300w, https:\/\/traban.svaomega.com\/wp-content\/uploads\/2025\/06\/Yannick-Haan_Banner_KLEINER-copy-768x433.png 768w\" sizes=\"(max-width: 977px) 100vw, 977px\" \/>\t\t\t\t\t\t\t\t\t\t\t\t\t\t\t<\/div>\n\t\t\t\t<\/div>\n\t\t\t\t\t<\/div>\n\t\t\t\t<\/div>\n\t\t<div class=\"elementor-element elementor-element-a827356 e-flex e-con-boxed wpr-particle-no wpr-jarallax-no wpr-parallax-no wpr-sticky-section-no e-con e-parent\" data-id=\"a827356\" data-element_type=\"container\">\n\t\t\t\t\t<div class=\"e-con-inner\">\n\t\t<div class=\"elementor-element elementor-element-d7779fe e-con-full e-flex wpr-particle-no wpr-jarallax-no wpr-parallax-no wpr-sticky-section-no e-con e-child\" data-id=\"d7779fe\" data-element_type=\"container\">\n\t\t\t\t<div class=\"elementor-element elementor-element-1479b0d elementor-widget elementor-widget-image\" data-id=\"1479b0d\" data-element_type=\"widget\" data-widget_type=\"image.default\">\n\t\t\t\t<div class=\"elementor-widget-container\">\n\t\t\t\t\t\t\t\t\t\t\t\t\t\t\t<img decoding=\"async\" width=\"309\" height=\"309\" src=\"https:\/\/traban.svaomega.com\/wp-content\/uploads\/2025\/06\/Yannick_WEBSITE-1.avif\" class=\"attachment-full size-full wp-image-686\" alt=\"\" srcset=\"https:\/\/traban.svaomega.com\/wp-content\/uploads\/2025\/06\/Yannick_WEBSITE-1.avif 309w, https:\/\/traban.svaomega.com\/wp-content\/uploads\/2025\/06\/Yannick_WEBSITE-1-300x300.avif 300w, https:\/\/traban.svaomega.com\/wp-content\/uploads\/2025\/06\/Yannick_WEBSITE-1-100x100.avif 100w, https:\/\/traban.svaomega.com\/wp-content\/uploads\/2025\/06\/Yannick_WEBSITE-1-150x150.avif 150w\" sizes=\"(max-width: 309px) 100vw, 309px\" \/>\t\t\t\t\t\t\t\t\t\t\t\t\t\t\t<\/div>\n\t\t\t\t<\/div>\n\t\t\t\t<div class=\"elementor-element elementor-element-f1203a6 elementor-widget elementor-widget-text-editor\" data-id=\"f1203a6\" data-element_type=\"widget\" data-widget_type=\"text-editor.default\">\n\t\t\t\t<div class=\"elementor-widget-container\">\n\t\t\t\t\t\t\t\t\t<div id=\"comp-kysyosot\" class=\"HcOXKn c9GqVL QxJLC3 lq2cno YQcXTT comp-kysyosot wixui-rich-text\" data-testid=\"richTextElement\"><div id=\"comp-kysyts52\" class=\"HcOXKn c9GqVL QxJLC3 lq2cno YQcXTT comp-kysyts52 wixui-rich-text\" data-testid=\"richTextElement\"><h5 class=\"font_7 wixui-rich-text__text\"><span class=\"wixui-rich-text__text\"><strong>18,00 \u20ac<\/strong>\u00a0<\/span><span class=\"wixui-rich-text__text\"> [D]<\/span><\/h5><\/div><\/div>\t\t\t\t\t\t\t\t<\/div>\n\t\t\t\t<\/div>\n\t\t\t\t<div class=\"elementor-element elementor-element-1c22dec elementor-widget elementor-widget-button\" data-id=\"1c22dec\" data-element_type=\"widget\" data-widget_type=\"button.default\">\n\t\t\t\t<div class=\"elementor-widget-container\">\n\t\t\t\t\t\t\t\t\t<div class=\"elementor-button-wrapper\">\n\t\t\t\t\t<a class=\"elementor-button elementor-button-link elementor-size-sm\" href=\"#\">\n\t\t\t\t\t\t<span class=\"elementor-button-content-wrapper\">\n\t\t\t\t\t\t\t\t\t<span class=\"elementor-button-text\">In den Warenkorb<\/span>\n\t\t\t\t\t<\/span>\n\t\t\t\t\t<\/a>\n\t\t\t\t<\/div>\n\t\t\t\t\t\t\t\t<\/div>\n\t\t\t\t<\/div>\n\t\t\t\t<div class=\"elementor-element elementor-element-18521b1 elementor-widget elementor-widget-text-editor\" data-id=\"18521b1\" data-element_type=\"widget\" data-widget_type=\"text-editor.default\">\n\t\t\t\t<div class=\"elementor-widget-container\">\n\t\t\t\t\t\t\t\t\t<div id=\"comp-kysyosot\" class=\"HcOXKn c9GqVL QxJLC3 lq2cno YQcXTT comp-kysyosot wixui-rich-text\" data-testid=\"richTextElement\"><h4 class=\"font_2 wixui-rich-text__text\"><strong><span class=\"wixui-rich-text__text\">Details<\/span><\/strong><\/h4><\/div><div id=\"comp-kysyo8mh\" class=\"HcOXKn c9GqVL QxJLC3 lq2cno YQcXTT comp-kysyo8mh wixui-rich-text\" data-testid=\"richTextElement\">ca. 170 Seiten<br class=\"wixui-rich-text__text\" \/>\u20ac 18,00 [D]<br class=\"wixui-rich-text__text\" \/>Klappenbroschur<br class=\"wixui-rich-text__text\" \/>ISBN 978-3-98697-010-9<\/div>\t\t\t\t\t\t\t\t<\/div>\n\t\t\t\t<\/div>\n\t\t\t\t<\/div>\n\t\t<div class=\"elementor-element elementor-element-272d4c0 e-con-full e-flex wpr-particle-no wpr-jarallax-no wpr-parallax-no wpr-sticky-section-no e-con e-child\" data-id=\"272d4c0\" data-element_type=\"container\">\n\t\t\t\t<div class=\"elementor-element elementor-element-e11b1df elementor-widget elementor-widget-text-editor\" data-id=\"e11b1df\" data-element_type=\"widget\" data-widget_type=\"text-editor.default\">\n\t\t\t\t<div class=\"elementor-widget-container\">\n\t\t\t\t\t\t\t\t\t<div id=\"comp-l3623z9o\" class=\"HcOXKn c9GqVL QxJLC3 lq2cno YQcXTT comp-l3623z9o wixui-rich-text\" data-testid=\"richTextElement\"><h3 class=\"font_9 wixui-rich-text__text\"><span class=\"wixui-rich-text__text\">Yannick Haan<\/span><\/h3><\/div><div id=\"comp-l3623z9s\" class=\"HcOXKn c9GqVL QxJLC3 lq2cno YQcXTT comp-l3623z9s wixui-rich-text\" data-testid=\"richTextElement\"><h3 class=\"font_9 wixui-rich-text__text\"><span class=\"wixui-rich-text__text\">Enterbt uns doch endlich!<\/span><\/h3><\/div><div id=\"comp-l3oq3j4a\" class=\"HcOXKn c9GqVL QxJLC3 lq2cno YQcXTT comp-l3oq3j4a wixui-rich-text\" data-testid=\"richTextElement\"><h4 class=\"font_9 wixui-rich-text__text\"><span class=\"wixui-rich-text__text\">Wie das Erben meine Generation zerrei\u00dft<\/span><\/h4><\/div>\t\t\t\t\t\t\t\t<\/div>\n\t\t\t\t<\/div>\n\t\t\t\t<div class=\"elementor-element elementor-element-ca3a904 elementor-widget elementor-widget-text-editor\" data-id=\"ca3a904\" data-element_type=\"widget\" data-widget_type=\"text-editor.default\">\n\t\t\t\t<div class=\"elementor-widget-container\">\n\t\t\t\t\t\t\t\t\t<div id=\"comp-l3623z9w\" class=\"HcOXKn c9GqVL QxJLC3 lq2cno YQcXTT comp-l3623z9w wixui-rich-text\" data-testid=\"richTextElement\"><p class=\"font_9 wixui-rich-text__text\"><span class=\"wixui-rich-text__text\">Deutschland ist eines der ungleichsten L\u00e4nder in Europa. In keinem anderen Land ist die Verm\u00f6gens-ungleichheit so zementiert wie bei uns. Wir haben ein System geschaffen, das \u00f6ffentliche Armut f\u00f6rdert und den privaten Reichtum weniger Menschen immer weiter steigert. Das liegt zum gr\u00f6\u00dften Teil am Erben.<\/span><\/p><\/div><div id=\"comp-l3623z9y1\" class=\"HcOXKn c9GqVL QxJLC3 lq2cno YQcXTT comp-l3623z9y1 wixui-rich-text\" data-testid=\"richTextElement\">\u00a0<\/div>\t\t\t\t\t\t\t\t<\/div>\n\t\t\t\t<\/div>\n\t\t\t\t<div class=\"elementor-element elementor-element-6c8ee78 elementor-widget elementor-widget-text-editor\" data-id=\"6c8ee78\" data-element_type=\"widget\" data-widget_type=\"text-editor.default\">\n\t\t\t\t<div class=\"elementor-widget-container\">\n\t\t\t\t\t\t\t\t\t<p>In meiner Generation gibt es ein letztes Tabu. W\u00e4hrend ich mit Freund*innen beim Kaffee ohne Probleme \u00fcber den n\u00e4chsten Besuch beim Psychologen reden kann oder \u00fcber Geschlechtskrankheiten, die sich jemand zugezogen hat, schweigen wir uns \u00fcber das Erben aus. Dabei gibt es wenig, das meine Altersgruppe in den n\u00e4chsten Jahren so stark pr\u00e4gen und zerrei\u00dfen wird. Wenn man sich die derzeitige Einkommensverteilung nach Alter anschaut, dann rollt bald die gr\u00f6\u00dfte Erbschaftswelle in der Geschichte der Bundesrepublik auf uns zu \u2013 und wird meine Generation grundlegend ver\u00e4ndern. Nur dar\u00fcber reden m\u00f6chte niemand.<\/p>\t\t\t\t\t\t\t\t<\/div>\n\t\t\t\t<\/div>\n\t\t\t\t<\/div>\n\t\t<div class=\"elementor-element elementor-element-e3663c4 e-con-full e-flex wpr-particle-no wpr-jarallax-no wpr-parallax-no wpr-sticky-section-no e-con e-child\" data-id=\"e3663c4\" data-element_type=\"container\">\n\t\t\t\t<div class=\"elementor-element elementor-element-c901339 elementor-widget elementor-widget-image\" data-id=\"c901339\" data-element_type=\"widget\" data-widget_type=\"image.default\">\n\t\t\t\t<div class=\"elementor-widget-container\">\n\t\t\t\t\t\t\t\t\t\t\t\t\t\t\t<img decoding=\"async\" width=\"219\" height=\"274\" src=\"https:\/\/traban.svaomega.com\/wp-content\/uploads\/2025\/06\/Yannick_LOWRES_-8_Marcel-Maffei.avif\" class=\"attachment-full size-full wp-image-687\" alt=\"\" \/>\t\t\t\t\t\t\t\t\t\t\t\t\t\t\t<\/div>\n\t\t\t\t<\/div>\n\t\t\t\t<div class=\"elementor-element elementor-element-10c1967 elementor-widget elementor-widget-button\" data-id=\"10c1967\" data-element_type=\"widget\" data-widget_type=\"button.default\">\n\t\t\t\t<div class=\"elementor-widget-container\">\n\t\t\t\t\t\t\t\t\t<div class=\"elementor-button-wrapper\">\n\t\t\t\t\t<a class=\"elementor-button elementor-button-link elementor-size-sm\" href=\"#\">\n\t\t\t\t\t\t<span class=\"elementor-button-content-wrapper\">\n\t\t\t\t\t\t\t\t\t<span class=\"elementor-button-text\">Zum Autor<\/span>\n\t\t\t\t\t<\/span>\n\t\t\t\t\t<\/a>\n\t\t\t\t<\/div>\n\t\t\t\t\t\t\t\t<\/div>\n\t\t\t\t<\/div>\n\t\t\t\t<div class=\"elementor-element elementor-element-32bee24 elementor-widget elementor-widget-text-editor\" data-id=\"32bee24\" data-element_type=\"widget\" data-widget_type=\"text-editor.default\">\n\t\t\t\t<div class=\"elementor-widget-container\">\n\t\t\t\t\t\t\t\t\t<div id=\"comp-kysyosot\" class=\"HcOXKn c9GqVL QxJLC3 lq2cno YQcXTT comp-kysyosot wixui-rich-text\" data-testid=\"richTextElement\"><p class=\"font_8 wixui-rich-text__text\"><span class=\"wixui-rich-text__text\">\u00bbEine gro\u00dfe Summe Geld zu erben klingt im ersten Moment wie ein Lottogewinn. Doch ist es das wirklich? Viele Erfahrungen von jungen Menschen zeigen ein anderes, ein deutlich differenzierteres Bild. Es zeigt sich ein Bild einer \u00fcberforderten Generation.\u00ab<\/span><\/p><\/div>\t\t\t\t\t\t\t\t<\/div>\n\t\t\t\t<\/div>\n\t\t\t\t<div class=\"elementor-element elementor-element-cb75d44 elementor-widget elementor-widget-text-editor\" data-id=\"cb75d44\" data-element_type=\"widget\" data-widget_type=\"text-editor.default\">\n\t\t\t\t<div class=\"elementor-widget-container\">\n\t\t\t\t\t\t\t\t\t<div id=\"comp-kysyosot\" class=\"HcOXKn c9GqVL QxJLC3 lq2cno YQcXTT comp-kysyosot wixui-rich-text\" data-testid=\"richTextElement\"><main id=\"PAGES_CONTAINER\" class=\"PAGES_CONTAINER\" tabindex=\"-1\" data-main-content=\"true\"><div id=\"SITE_PAGES\" class=\"JsJXaX SITE_PAGES\"><div id=\"SITE_PAGES_TRANSITION_GROUP\" class=\"AnQkDU\"><div id=\"czps9\" class=\"dBAkHi czps9\"><div class=\"HT5ybB\"><div id=\"Containerczps9\" class=\"Containerczps9 SPY_vo\"><div class=\"\" data-mesh-id=\"Containerczps9inlineContent\" data-testid=\"inline-content\"><div data-mesh-id=\"Containerczps9inlineContent-gridContainer\" data-testid=\"mesh-container-content\"><section id=\"comp-lls7tbe71\" class=\"Oqnisf comp-lls7tbe71 wixui-section\" tabindex=\"-1\" data-block-level-container=\"ClassicSection\"><div class=\"\" data-mesh-id=\"comp-lls7tbe71inlineContent\" data-testid=\"inline-content\"><div data-mesh-id=\"comp-lls7tbe71inlineContent-gridContainer\" data-testid=\"mesh-container-content\"><div id=\"comp-l3623zav\" class=\"HcOXKn c9GqVL QxJLC3 lq2cno YQcXTT comp-l3623zav wixui-rich-text\" data-testid=\"richTextElement\"><p class=\"font_8 wixui-rich-text__text\"><span class=\"wixui-rich-text__text\">Yannick Haan<\/span><\/p><\/div><\/div><\/div><\/section><\/div><\/div><\/div><\/div><\/div><\/div><\/div><\/main><\/div>\t\t\t\t\t\t\t\t<\/div>\n\t\t\t\t<\/div>\n\t\t\t\t<\/div>\n\t\t\t\t\t<\/div>\n\t\t\t\t<\/div>\n\t\t\t\t<\/div>\n\t\t","protected":false},"excerpt":{"rendered":"<p>18,00 \u20ac\u00a0 [D] In den Warenkorb Details ca. 170 Seiten\u20ac 18,00 [D]KlappenbroschurISBN 978-3-98697-010-9 Yannick Haan Enterbt uns doch endlich! Wie das Erben meine Generation zerrei\u00dft Deutschland ist eines der ungleichsten L\u00e4nder in Europa. In keinem anderen Land ist die Verm\u00f6gens-ungleichheit so zementiert wie bei uns. Wir haben ein System geschaffen, das \u00f6ffentliche Armut f\u00f6rdert und den privaten Reichtum weniger Menschen immer weiter steigert. Das liegt zum gr\u00f6\u00dften Teil am Erben. \u00a0 In meiner Generation gibt es ein letztes Tabu. W\u00e4hrend ich mit Freund*innen beim Kaffee ohne Probleme \u00fcber den n\u00e4chsten Besuch beim Psychologen reden kann oder \u00fcber Geschlechtskrankheiten, die sich jemand zugezogen hat, schweigen wir uns \u00fcber das Erben aus. Dabei gibt es wenig, das meine Altersgruppe in den n\u00e4chsten Jahren so stark pr\u00e4gen und zerrei\u00dfen wird. Wenn man sich die derzeitige Einkommensverteilung nach Alter anschaut, dann rollt bald die gr\u00f6\u00dfte Erbschaftswelle in der Geschichte der Bundesrepublik auf uns zu \u2013 und wird meine Generation grundlegend ver\u00e4ndern. Nur dar\u00fcber reden m\u00f6chte niemand. Zum Autor \u00bbEine gro\u00dfe Summe Geld zu erben klingt im ersten Moment wie ein Lottogewinn. Doch ist es das wirklich? Viele Erfahrungen von jungen Menschen zeigen ein anderes, ein deutlich differenzierteres Bild. Es zeigt sich ein Bild einer \u00fcberforderten Generation.\u00ab Yannick Haan<\/p>\n","protected":false},"author":1,"featured_media":0,"parent":0,"menu_order":0,"comment_status":"closed","ping_status":"closed","template":"","meta":{"site-sidebar-layout":"no-sidebar","site-content-layout":"","ast-site-content-layout":"full-width-container","site-content-style":"default","site-sidebar-style":"default","ast-global-header-display":"","ast-banner-title-visibility":"","ast-main-header-display":"","ast-hfb-above-header-display":"","ast-hfb-below-header-display":"","ast-hfb-mobile-header-display":"","site-post-title":"disabled","ast-breadcrumbs-content":"","ast-featured-img":"disabled","footer-sml-layout":"","theme-transparent-header-meta":"","adv-header-id-meta":"","stick-header-meta":"","header-above-stick-meta":"","header-main-stick-meta":"","header-below-stick-meta":"","astra-migrate-meta-layouts":"default","ast-page-background-enabled":"default","ast-page-background-meta":{"desktop":{"background-color":"var(--ast-global-color-5)","background-image":"","background-repeat":"repeat","background-position":"center center","background-size":"auto","background-attachment":"scroll","background-type":"","background-media":"","overlay-type":"","overlay-color":"","overlay-opacity":"","overlay-gradient":""},"tablet":{"background-color":"","background-image":"","background-repeat":"repeat","background-position":"center center","background-size":"auto","background-attachment":"scroll","background-type":"","background-media":"","overlay-type":"","overlay-color":"","overlay-opacity":"","overlay-gradient":""},"mobile":{"background-color":"","background-image":"","background-repeat":"repeat","background-position":"center center","background-size":"auto","background-attachment":"scroll","background-type":"","background-media":"","overlay-type":"","overlay-color":"","overlay-opacity":"","overlay-gradient":""}},"ast-content-background-meta":{"desktop":{"background-color":"var(--ast-global-color-4)","background-image":"","background-repeat":"repeat","background-position":"center center","background-size":"auto","background-attachment":"scroll","background-type":"","background-media":"","overlay-type":"","overlay-color":"","overlay-opacity":"","overlay-gradient":""},"tablet":{"background-color":"var(--ast-global-color-4)","background-image":"","background-repeat":"repeat","background-position":"center center","background-size":"auto","background-attachment":"scroll","background-type":"","background-media":"","overlay-type":"","overlay-color":"","overlay-opacity":"","overlay-gradient":""},"mobile":{"background-color":"var(--ast-global-color-4)","background-image":"","background-repeat":"repeat","background-position":"center center","background-size":"auto","background-attachment":"scroll","background-type":"","background-media":"","overlay-type":"","overlay-color":"","overlay-opacity":"","overlay-gradient":""}},"footnotes":""},"class_list":["post-645","page","type-page","status-publish","hentry"],"_links":{"self":[{"href":"https:\/\/traban.svaomega.com\/index.php?rest_route=\/wp\/v2\/pages\/645","targetHints":{"allow":["GET"]}}],"collection":[{"href":"https:\/\/traban.svaomega.com\/index.php?rest_route=\/wp\/v2\/pages"}],"about":[{"href":"https:\/\/traban.svaomega.com\/index.php?rest_route=\/wp\/v2\/types\/page"}],"author":[{"embeddable":true,"href":"https:\/\/traban.svaomega.com\/index.php?rest_route=\/wp\/v2\/users\/1"}],"replies":[{"embeddable":true,"href":"https:\/\/traban.svaomega.com\/index.php?rest_route=%2Fwp%2Fv2%2Fcomments&post=645"}],"version-history":[{"count":22,"href":"https:\/\/traban.svaomega.com\/index.php?rest_route=\/wp\/v2\/pages\/645\/revisions"}],"predecessor-version":[{"id":731,"href":"https:\/\/traban.svaomega.com\/index.php?rest_route=\/wp\/v2\/pages\/645\/revisions\/731"}],"wp:attachment":[{"href":"https:\/\/traban.svaomega.com\/index.php?rest_route=%2Fwp%2Fv2%2Fmedia&parent=645"}],"curies":[{"name":"wp","href":"https:\/\/api.w.org\/{rel}","templated":true}]}}