{"id":1030,"date":"2025-06-12T11:47:42","date_gmt":"2025-06-12T11:47:42","guid":{"rendered":"https:\/\/traban.svaomega.com\/?post_type=product&#038;p=1030"},"modified":"2025-06-16T13:03:13","modified_gmt":"2025-06-16T13:03:13","slug":"anatol-braunig-der-psychotherapie-kompass","status":"publish","type":"product","link":"https:\/\/traban.svaomega.com\/?product=anatol-braunig-der-psychotherapie-kompass","title":{"rendered":"Anatol Br\u00e4unig: Der Psychotherapie-Kompass"},"content":{"rendered":"<p><strong>Anatol Br\u00e4unig: Der Psychotherapie-Kompass<\/strong><\/p>\n<p><strong>&#8211;\u00a0<span style=\"font-family: HelveticaNeueW01-65Medi, HelveticaNeueW02-65Medi, HelveticaNeueW10-65Medi, sans-serif;\">Eine Orientierungshilfe auf deinem Weg in die\u00a0psychotherapeutische Behandlung<\/span><\/strong><\/p>\n<p>Krisen sind ein unausweichlicher Bestandteil des\u00a0Lebens und psychische St\u00f6rungen sind genauso\u00a0normal wie k\u00f6rperliche. In diesem\u00a0Buch findest du fundiertes Wissen, das dir hilft, \u00c4ngste und Vorurteile gegen\u00fcber psychischen Erkrankungen und Psychotherapie abzubauen. Anatol Br\u00e4unig macht durch\u00a0Beispiele und Anekdoten aus der psychotherapeutischen Praxis\u00a0Psychotherapie nachvollziehbar und ermutigt\u00a0dazu, selbst Hilfe in Anspruch zu nehmen, wenn es notwendig ist.\u00a0Es spielt keine Rolle, ob du gerade dar\u00fcber\u00a0nachdenkst, eine Psychotherapie zu beginnen,\u00a0bereits mitten im Prozess bist oder einfach nur\u00a0neugierig und interessiert bist:\u00a0Dieses Buch\u00a0begleitet dich auf deinem Weg. Es bietet wertvolle Einsichten, zeigt verschiedene\u00a0Therapieans\u00e4tze auf und hilft dir dabei, den passenden\u00a0Therapeuten f\u00fcr dich zu finden. Schritt f\u00fcr Schritt f\u00fchrt Anatol Br\u00e4unig dich\u00a0durch den Ablauf einer psychotherapeutischen Behandlung und\u00a0gibt dabei wichtige Praxistipps\u00a0zur\u00a0Bew\u00e4ltigung von Herausforderungen w\u00e4hrend des\u00a0Therapieprozesses.<\/p>\n<p><strong>Erschienen am:\u00a001.11.2024<\/strong><\/p>\n<p>228 Seiten<\/p>\n","protected":false},"excerpt":{"rendered":"<p>Anatol Br\u00e4unig: Der Psychotherapie-Kompass &#8211;\u00a0Eine Orientierungshilfe auf deinem Weg in die\u00a0psychotherapeutische Behandlung Krisen sind ein unausweichlicher Bestandteil des\u00a0Lebens und psychische St\u00f6rungen sind genauso\u00a0normal wie k\u00f6rperliche. In diesem\u00a0Buch findest du fundiertes Wissen, das dir hilft, \u00c4ngste und Vorurteile gegen\u00fcber psychischen Erkrankungen und Psychotherapie abzubauen. Anatol Br\u00e4unig macht durch\u00a0Beispiele und Anekdoten aus der psychotherapeutischen Praxis\u00a0Psychotherapie nachvollziehbar und ermutigt\u00a0dazu, selbst Hilfe in Anspruch zu nehmen, wenn es notwendig ist.\u00a0Es spielt keine Rolle, ob du gerade dar\u00fcber\u00a0nachdenkst, eine Psychotherapie zu beginnen,\u00a0bereits mitten im Prozess bist oder einfach nur\u00a0neugierig und interessiert bist:\u00a0Dieses Buch\u00a0begleitet dich auf deinem Weg. Es bietet wertvolle Einsichten, zeigt verschiedene\u00a0Therapieans\u00e4tze auf und hilft dir dabei, den passenden\u00a0Therapeuten f\u00fcr dich zu finden. Schritt f\u00fcr Schritt f\u00fchrt Anatol Br\u00e4unig dich\u00a0durch den Ablauf einer psychotherapeutischen Behandlung und\u00a0gibt dabei wichtige Praxistipps\u00a0zur\u00a0Bew\u00e4ltigung von Herausforderungen w\u00e4hrend des\u00a0Therapieprozesses. Erschienen am:\u00a001.11.2024 228 Seiten<\/p>\n","protected":false},"featured_media":1029,"comment_status":"open","ping_status":"closed","template":"","meta":{"site-sidebar-layout":"default","site-content-layout":"","ast-site-content-layout":"default","site-content-style":"default","site-sidebar-style":"default","ast-global-header-display":"","ast-banner-title-visibility":"","ast-main-header-display":"","ast-hfb-above-header-display":"","ast-hfb-below-header-display":"","ast-hfb-mobile-header-display":"","site-post-title":"","ast-breadcrumbs-content":"","ast-featured-img":"","footer-sml-layout":"","theme-transparent-header-meta":"default","adv-header-id-meta":"","stick-header-meta":"","header-above-stick-meta":"","header-main-stick-meta":"","header-below-stick-meta":"","astra-migrate-meta-layouts":"set","ast-page-background-enabled":"default","ast-page-background-meta":{"desktop":{"background-color":"var(--ast-global-color-5)","background-image":"","background-repeat":"repeat","background-position":"center center","background-size":"auto","background-attachment":"scroll","background-type":"","background-media":"","overlay-type":"","overlay-color":"","overlay-opacity":"","overlay-gradient":""},"tablet":{"background-color":"","background-image":"","background-repeat":"repeat","background-position":"center center","background-size":"auto","background-attachment":"scroll","background-type":"","background-media":"","overlay-type":"","overlay-color":"","overlay-opacity":"","overlay-gradient":""},"mobile":{"background-color":"","background-image":"","background-repeat":"repeat","background-position":"center center","background-size":"auto","background-attachment":"scroll","background-type":"","background-media":"","overlay-type":"","overlay-color":"","overlay-opacity":"","overlay-gradient":""}},"ast-content-background-meta":{"desktop":{"background-color":"var(--ast-global-color-4)","background-image":"","background-repeat":"repeat","background-position":"center center","background-size":"auto","background-attachment":"scroll","background-type":"","background-media":"","overlay-type":"","overlay-color":"","overlay-opacity":"","overlay-gradient":""},"tablet":{"background-color":"var(--ast-global-color-4)","background-image":"","background-repeat":"repeat","background-position":"center center","background-size":"auto","background-attachment":"scroll","background-type":"","background-media":"","overlay-type":"","overlay-color":"","overlay-opacity":"","overlay-gradient":""},"mobile":{"background-color":"var(--ast-global-color-4)","background-image":"","background-repeat":"repeat","background-position":"center center","background-size":"auto","background-attachment":"scroll","background-type":"","background-media":"","overlay-type":"","overlay-color":"","overlay-opacity":"","overlay-gradient":""}}},"product_brand":[],"product_cat":[23],"product_tag":[],"class_list":{"0":"post-1030","1":"product","2":"type-product","3":"status-publish","4":"has-post-thumbnail","6":"product_cat-roman","7":"desktop-align-left","8":"tablet-align-left","9":"mobile-align-left","11":"first","12":"instock","13":"shipping-taxable","14":"purchasable","15":"product-type-simple"},"_links":{"self":[{"href":"https:\/\/traban.svaomega.com\/index.php?rest_route=\/wp\/v2\/product\/1030","targetHints":{"allow":["GET"]}}],"collection":[{"href":"https:\/\/traban.svaomega.com\/index.php?rest_route=\/wp\/v2\/product"}],"about":[{"href":"https:\/\/traban.svaomega.com\/index.php?rest_route=\/wp\/v2\/types\/product"}],"replies":[{"embeddable":true,"href":"https:\/\/traban.svaomega.com\/index.php?rest_route=%2Fwp%2Fv2%2Fcomments&post=1030"}],"wp:featuredmedia":[{"embeddable":true,"href":"https:\/\/traban.svaomega.com\/index.php?rest_route=\/wp\/v2\/media\/1029"}],"wp:attachment":[{"href":"https:\/\/traban.svaomega.com\/index.php?rest_route=%2Fwp%2Fv2%2Fmedia&parent=1030"}],"wp:term":[{"taxonomy":"product_brand","embeddable":true,"href":"https:\/\/traban.svaomega.com\/index.php?rest_route=%2Fwp%2Fv2%2Fproduct_brand&post=1030"},{"taxonomy":"product_cat","embeddable":true,"href":"https:\/\/traban.svaomega.com\/index.php?rest_route=%2Fwp%2Fv2%2Fproduct_cat&post=1030"},{"taxonomy":"product_tag","embeddable":true,"href":"https:\/\/traban.svaomega.com\/index.php?rest_route=%2Fwp%2Fv2%2Fproduct_tag&post=1030"}],"curies":[{"name":"wp","href":"https:\/\/api.w.org\/{rel}","templated":true}]}}