{"id":1036,"date":"2025-06-12T12:02:29","date_gmt":"2025-06-12T12:02:29","guid":{"rendered":"https:\/\/traban.svaomega.com\/?post_type=product&#038;p=1036"},"modified":"2025-06-16T11:05:58","modified_gmt":"2025-06-16T11:05:58","slug":"enterbt-uns-doch-endlich","status":"publish","type":"product","link":"https:\/\/traban.svaomega.com\/?product=enterbt-uns-doch-endlich","title":{"rendered":"Enterbt uns doch endlich!"},"content":{"rendered":"<p><strong>Enterbt und doch endlich!<br \/>\nWie das Erben meine Generation zerrei\u00dft<\/strong><br \/>\nvon Yannick Haan<\/p>\n<p><strong>Deutschland ist eines der ungleichsten L\u00e4nder in Europa. In keinem anderen Land ist die Verm\u00f6gens-ungleichheit so zementiert wie bei uns. Wir haben ein System geschaffen, das \u00f6ffentliche Armut f\u00f6rdert und den privaten Reichtum weniger Menschen immer weiter steigert. Das liegt zum gr\u00f6\u00dften Teil am Erben.<\/strong><\/p>\n<p>In meiner Generation gibt es ein letztes Tabu. W\u00e4hrend ich mit Freund*innen beim Kaffee ohne Probleme \u00fcber den n\u00e4chsten Besuch beim Psychologen reden kann oder \u00fcber Geschlechtskrankheiten, die sich jemand zugezogen hat, schweigen wir uns \u00fcber das Erben aus. Dabei gibt es wenig, das meine Altersgruppe in den n\u00e4chsten Jahren so stark pr\u00e4gen und zerrei\u00dfen wird. Wenn man sich die derzeitige Einkommensverteilung nach Alter anschaut, dann rollt bald die gr\u00f6\u00dfte Erbschaftswelle in der Geschichte der Bundesrepublik auf uns zu \u2013 und wird meine Generation grundlegend ver\u00e4ndern. Nur dar\u00fcber reden m\u00f6chte niemand.<\/p>\n","protected":false},"excerpt":{"rendered":"<p>Enterbt und doch endlich! Wie das Erben meine Generation zerrei\u00dft von Yannick Haan Deutschland ist eines der ungleichsten L\u00e4nder in Europa. In keinem anderen Land ist die Verm\u00f6gens-ungleichheit so zementiert wie bei uns. Wir haben ein System geschaffen, das \u00f6ffentliche Armut f\u00f6rdert und den privaten Reichtum weniger Menschen immer weiter steigert. Das liegt zum gr\u00f6\u00dften Teil am Erben. In meiner Generation gibt es ein letztes Tabu. W\u00e4hrend ich mit Freund*innen beim Kaffee ohne Probleme \u00fcber den n\u00e4chsten Besuch beim Psychologen reden kann oder \u00fcber Geschlechtskrankheiten, die sich jemand zugezogen hat, schweigen wir uns \u00fcber das Erben aus. Dabei gibt es wenig, das meine Altersgruppe in den n\u00e4chsten Jahren so stark pr\u00e4gen und zerrei\u00dfen wird. Wenn man sich die derzeitige Einkommensverteilung nach Alter anschaut, dann rollt bald die gr\u00f6\u00dfte Erbschaftswelle in der Geschichte der Bundesrepublik auf uns zu \u2013 und wird meine Generation grundlegend ver\u00e4ndern. Nur dar\u00fcber reden m\u00f6chte niemand.<\/p>\n","protected":false},"featured_media":1034,"comment_status":"open","ping_status":"closed","template":"","meta":{"site-sidebar-layout":"default","site-content-layout":"","ast-site-content-layout":"default","site-content-style":"default","site-sidebar-style":"default","ast-global-header-display":"","ast-banner-title-visibility":"","ast-main-header-display":"","ast-hfb-above-header-display":"","ast-hfb-below-header-display":"","ast-hfb-mobile-header-display":"","site-post-title":"","ast-breadcrumbs-content":"","ast-featured-img":"","footer-sml-layout":"","theme-transparent-header-meta":"default","adv-header-id-meta":"","stick-header-meta":"","header-above-stick-meta":"","header-main-stick-meta":"","header-below-stick-meta":"","astra-migrate-meta-layouts":"set","ast-page-background-enabled":"default","ast-page-background-meta":{"desktop":{"background-color":"var(--ast-global-color-5)","background-image":"","background-repeat":"repeat","background-position":"center center","background-size":"auto","background-attachment":"scroll","background-type":"","background-media":"","overlay-type":"","overlay-color":"","overlay-opacity":"","overlay-gradient":""},"tablet":{"background-color":"","background-image":"","background-repeat":"repeat","background-position":"center center","background-size":"auto","background-attachment":"scroll","background-type":"","background-media":"","overlay-type":"","overlay-color":"","overlay-opacity":"","overlay-gradient":""},"mobile":{"background-color":"","background-image":"","background-repeat":"repeat","background-position":"center center","background-size":"auto","background-attachment":"scroll","background-type":"","background-media":"","overlay-type":"","overlay-color":"","overlay-opacity":"","overlay-gradient":""}},"ast-content-background-meta":{"desktop":{"background-color":"var(--ast-global-color-4)","background-image":"","background-repeat":"repeat","background-position":"center center","background-size":"auto","background-attachment":"scroll","background-type":"","background-media":"","overlay-type":"","overlay-color":"","overlay-opacity":"","overlay-gradient":""},"tablet":{"background-color":"var(--ast-global-color-4)","background-image":"","background-repeat":"repeat","background-position":"center center","background-size":"auto","background-attachment":"scroll","background-type":"","background-media":"","overlay-type":"","overlay-color":"","overlay-opacity":"","overlay-gradient":""},"mobile":{"background-color":"var(--ast-global-color-4)","background-image":"","background-repeat":"repeat","background-position":"center center","background-size":"auto","background-attachment":"scroll","background-type":"","background-media":"","overlay-type":"","overlay-color":"","overlay-opacity":"","overlay-gradient":""}}},"product_brand":[],"product_cat":[21],"product_tag":[],"class_list":{"0":"post-1036","1":"product","2":"type-product","3":"status-publish","4":"has-post-thumbnail","6":"product_cat-sachbuch","7":"desktop-align-left","8":"tablet-align-left","9":"mobile-align-left","11":"first","12":"instock","13":"sold-individually","14":"shipping-taxable","15":"purchasable","16":"product-type-simple"},"_links":{"self":[{"href":"https:\/\/traban.svaomega.com\/index.php?rest_route=\/wp\/v2\/product\/1036","targetHints":{"allow":["GET"]}}],"collection":[{"href":"https:\/\/traban.svaomega.com\/index.php?rest_route=\/wp\/v2\/product"}],"about":[{"href":"https:\/\/traban.svaomega.com\/index.php?rest_route=\/wp\/v2\/types\/product"}],"replies":[{"embeddable":true,"href":"https:\/\/traban.svaomega.com\/index.php?rest_route=%2Fwp%2Fv2%2Fcomments&post=1036"}],"wp:featuredmedia":[{"embeddable":true,"href":"https:\/\/traban.svaomega.com\/index.php?rest_route=\/wp\/v2\/media\/1034"}],"wp:attachment":[{"href":"https:\/\/traban.svaomega.com\/index.php?rest_route=%2Fwp%2Fv2%2Fmedia&parent=1036"}],"wp:term":[{"taxonomy":"product_brand","embeddable":true,"href":"https:\/\/traban.svaomega.com\/index.php?rest_route=%2Fwp%2Fv2%2Fproduct_brand&post=1036"},{"taxonomy":"product_cat","embeddable":true,"href":"https:\/\/traban.svaomega.com\/index.php?rest_route=%2Fwp%2Fv2%2Fproduct_cat&post=1036"},{"taxonomy":"product_tag","embeddable":true,"href":"https:\/\/traban.svaomega.com\/index.php?rest_route=%2Fwp%2Fv2%2Fproduct_tag&post=1036"}],"curies":[{"name":"wp","href":"https:\/\/api.w.org\/{rel}","templated":true}]}}