{"id":1226,"date":"2025-06-16T11:17:07","date_gmt":"2025-06-16T11:17:07","guid":{"rendered":"https:\/\/traban.svaomega.com\/?post_type=product&#038;p=1226"},"modified":"2025-06-16T11:28:05","modified_gmt":"2025-06-16T11:28:05","slug":"denise-sylvia-kuchta-rosenfanger","status":"publish","type":"product","link":"https:\/\/traban.svaomega.com\/?product=denise-sylvia-kuchta-rosenfanger","title":{"rendered":"Denise Sylvia Kuchta: Rosenf\u00e4nger"},"content":{"rendered":"<div id=\"comp-matgy7rb\" class=\"Z_l5lU ku3DBC zQ9jDz qvSjx3 Vq6kJx comp-matgy7rb wixui-rich-text\" data-testid=\"richTextElement\">\n<p class=\"font_8 wixui-rich-text__text\"><strong class=\"wixui-rich-text__text\" style=\"font-size: 16px;\">Denise Sylvia Kuchta: Rosenf\u00e4nger &#8211; Gedichte<\/strong><\/p>\n<\/div>\n<div id=\"comp-mam8h1sc\" class=\"Z_l5lU ku3DBC zQ9jDz qvSjx3 Vq6kJx comp-mam8h1sc wixui-rich-text\" data-testid=\"richTextElement\">\n<p class=\"font_8 wixui-rich-text__text\"><em class=\"wixui-rich-text__text\">\u201eIch will, dass jeder versteht, dass wir nur so stark lieben k\u00f6nnen, wie wir auch bereit sind zu leiden. Weil das eine nicht ohne das andere existieren kann. Eine Rose w\u00e4re nicht so besonders ohne ihre Dornen. Das Leben ist brillant und wundersch\u00f6n, in all seinen Facetten. Wenn wir uns genau darauf konzentrieren, l\u00e4sst sich nahezu alles ertragen und die Sorgen wirken pl\u00f6tzlich nicht mehr so un\u00fcberwindbar.\u201c<\/em><\/p>\n<p class=\"font_8 wixui-rich-text__text\">Denise Sylvia Kuchta zeigt in \u201eRosenf\u00e4nger\u201c wie dramatisch und sch\u00f6n zugleich es ist, wenn uns unsere Sehns\u00fcchte bedr\u00fccken. \u00bbWir hassen nur, weil wir lieben\u00ab und \u00bbvielleicht muss alles zerbrechen, damit wir entdecken, zu was wir imstande sind\u00ab.<\/p>\n<p class=\"font_8 wixui-rich-text__text\">Rosen stehen f\u00fcr das Sch\u00f6ne,<\/p>\n<p class=\"font_8 wixui-rich-text__text\">das auch Dornen hat<\/p>\n<p class=\"font_8 wixui-rich-text__text\">Und ich will all das Sch\u00f6ne<\/p>\n<p class=\"font_8 wixui-rich-text__text\">unbedingt fangen<\/p>\n<p class=\"font_8 wixui-rich-text__text\">Doch was,<\/p>\n<p class=\"font_8 wixui-rich-text__text\">wenn nicht Rosen<\/p>\n<p class=\"font_8 wixui-rich-text__text\">Dornen haben,<\/p>\n<p class=\"font_8 wixui-rich-text__text\">sondern Dornen<\/p>\n<p class=\"font_8 wixui-rich-text__text\">all\u2019 die Rosen tragen?<\/p>\n<p class=\"font_8 wixui-rich-text__text\"><strong class=\"wixui-rich-text__text\">Erschienen\u00a0am: 05.10.2024<\/strong><\/p>\n<p class=\"font_8 wixui-rich-text__text\">148\u00a0Seiten<\/p>\n<\/div>\n","protected":false},"excerpt":{"rendered":"<p>Denise Sylvia Kuchta: Rosenf\u00e4nger &#8211; Gedichte \u201eIch will, dass jeder versteht, dass wir nur so stark lieben k\u00f6nnen, wie wir auch bereit sind zu leiden. Weil das eine nicht ohne das andere existieren kann. Eine Rose w\u00e4re nicht so besonders ohne ihre Dornen. Das Leben ist brillant und wundersch\u00f6n, in all seinen Facetten. Wenn wir uns genau darauf konzentrieren, l\u00e4sst sich nahezu alles ertragen und die Sorgen wirken pl\u00f6tzlich nicht mehr so un\u00fcberwindbar.\u201c Denise Sylvia Kuchta zeigt in \u201eRosenf\u00e4nger\u201c wie dramatisch und sch\u00f6n zugleich es ist, wenn uns unsere Sehns\u00fcchte bedr\u00fccken. \u00bbWir hassen nur, weil wir lieben\u00ab und \u00bbvielleicht muss alles zerbrechen, damit wir entdecken, zu was wir imstande sind\u00ab. Rosen stehen f\u00fcr das Sch\u00f6ne, das auch Dornen hat Und ich will all das Sch\u00f6ne unbedingt fangen Doch was, wenn nicht Rosen Dornen haben, sondern Dornen all\u2019 die Rosen tragen? Erschienen\u00a0am: 05.10.2024 148\u00a0Seiten<\/p>\n","protected":false},"featured_media":1228,"comment_status":"open","ping_status":"closed","template":"","meta":{"site-sidebar-layout":"default","site-content-layout":"","ast-site-content-layout":"default","site-content-style":"default","site-sidebar-style":"default","ast-global-header-display":"","ast-banner-title-visibility":"","ast-main-header-display":"","ast-hfb-above-header-display":"","ast-hfb-below-header-display":"","ast-hfb-mobile-header-display":"","site-post-title":"","ast-breadcrumbs-content":"","ast-featured-img":"","footer-sml-layout":"","theme-transparent-header-meta":"default","adv-header-id-meta":"","stick-header-meta":"","header-above-stick-meta":"","header-main-stick-meta":"","header-below-stick-meta":"","astra-migrate-meta-layouts":"set","ast-page-background-enabled":"default","ast-page-background-meta":{"desktop":{"background-color":"var(--ast-global-color-5)","background-image":"","background-repeat":"repeat","background-position":"center center","background-size":"auto","background-attachment":"scroll","background-type":"","background-media":"","overlay-type":"","overlay-color":"","overlay-opacity":"","overlay-gradient":""},"tablet":{"background-color":"","background-image":"","background-repeat":"repeat","background-position":"center center","background-size":"auto","background-attachment":"scroll","background-type":"","background-media":"","overlay-type":"","overlay-color":"","overlay-opacity":"","overlay-gradient":""},"mobile":{"background-color":"","background-image":"","background-repeat":"repeat","background-position":"center center","background-size":"auto","background-attachment":"scroll","background-type":"","background-media":"","overlay-type":"","overlay-color":"","overlay-opacity":"","overlay-gradient":""}},"ast-content-background-meta":{"desktop":{"background-color":"var(--ast-global-color-4)","background-image":"","background-repeat":"repeat","background-position":"center center","background-size":"auto","background-attachment":"scroll","background-type":"","background-media":"","overlay-type":"","overlay-color":"","overlay-opacity":"","overlay-gradient":""},"tablet":{"background-color":"var(--ast-global-color-4)","background-image":"","background-repeat":"repeat","background-position":"center center","background-size":"auto","background-attachment":"scroll","background-type":"","background-media":"","overlay-type":"","overlay-color":"","overlay-opacity":"","overlay-gradient":""},"mobile":{"background-color":"var(--ast-global-color-4)","background-image":"","background-repeat":"repeat","background-position":"center center","background-size":"auto","background-attachment":"scroll","background-type":"","background-media":"","overlay-type":"","overlay-color":"","overlay-opacity":"","overlay-gradient":""}}},"product_brand":[],"product_cat":[40],"product_tag":[],"class_list":{"0":"post-1226","1":"product","2":"type-product","3":"status-publish","4":"has-post-thumbnail","6":"product_cat-bestseller","7":"desktop-align-left","8":"tablet-align-left","9":"mobile-align-left","11":"first","12":"instock","13":"shipping-taxable","14":"purchasable","15":"product-type-simple"},"_links":{"self":[{"href":"https:\/\/traban.svaomega.com\/index.php?rest_route=\/wp\/v2\/product\/1226","targetHints":{"allow":["GET"]}}],"collection":[{"href":"https:\/\/traban.svaomega.com\/index.php?rest_route=\/wp\/v2\/product"}],"about":[{"href":"https:\/\/traban.svaomega.com\/index.php?rest_route=\/wp\/v2\/types\/product"}],"replies":[{"embeddable":true,"href":"https:\/\/traban.svaomega.com\/index.php?rest_route=%2Fwp%2Fv2%2Fcomments&post=1226"}],"wp:featuredmedia":[{"embeddable":true,"href":"https:\/\/traban.svaomega.com\/index.php?rest_route=\/wp\/v2\/media\/1228"}],"wp:attachment":[{"href":"https:\/\/traban.svaomega.com\/index.php?rest_route=%2Fwp%2Fv2%2Fmedia&parent=1226"}],"wp:term":[{"taxonomy":"product_brand","embeddable":true,"href":"https:\/\/traban.svaomega.com\/index.php?rest_route=%2Fwp%2Fv2%2Fproduct_brand&post=1226"},{"taxonomy":"product_cat","embeddable":true,"href":"https:\/\/traban.svaomega.com\/index.php?rest_route=%2Fwp%2Fv2%2Fproduct_cat&post=1226"},{"taxonomy":"product_tag","embeddable":true,"href":"https:\/\/traban.svaomega.com\/index.php?rest_route=%2Fwp%2Fv2%2Fproduct_tag&post=1226"}],"curies":[{"name":"wp","href":"https:\/\/api.w.org\/{rel}","templated":true}]}}