{"id":1232,"date":"2025-06-16T11:20:25","date_gmt":"2025-06-16T11:20:25","guid":{"rendered":"https:\/\/traban.svaomega.com\/?post_type=product&#038;p=1232"},"modified":"2025-06-16T11:28:17","modified_gmt":"2025-06-16T11:28:17","slug":"phil-wildschutz-hinterm-beton-das-meer","status":"publish","type":"product","link":"https:\/\/traban.svaomega.com\/?product=phil-wildschutz-hinterm-beton-das-meer","title":{"rendered":"Phil Wildsch\u00fctz: Hinterm Beton das Meer"},"content":{"rendered":"<p class=\"font_8 wixui-rich-text__text\"><strong class=\"wixui-rich-text__text\">Phil Wildsch\u00fctz: Hinterm Beton das Meer<\/strong><\/p>\n<p class=\"font_8 wixui-rich-text__text\"><em class=\"wixui-rich-text__text\"><strong class=\"wixui-rich-text__text\">Was, wenn alle um dich herum vorankommen \u2013 nur du bleibst stehen?<\/strong><\/em><\/p>\n<p class=\"font_8 wixui-rich-text__text\">Aufgewachsen in einer Kleinstadt, zwischen grauem Beton und dem st\u00e4ndigen Gef\u00fchl, festzustecken, k\u00e4mpft ein junger Mann mit den Anforderungen einer Welt, die zu schnell geworden ist.<\/p>\n<p class=\"font_8 wixui-rich-text__text\">W\u00e4hrend andere scheinbar m\u00fchelos Karriere machen, Beziehungen f\u00fchren und sich im Leben zurechtfinden, stolpert er von einem unsicheren Tag in den n\u00e4chsten.\u00a0Dating ist kompliziert, Social Media lenkt nur kurz ab, und der Job ist nichts weiter als Mittel zum Zweck. Freundschaften ver\u00e4ndern sich, manche gehen, andere kommen \u2013 das Gef\u00fchl, nicht dazuzugeh\u00f6ren, wird immer lauter. Seine Leichtigkeit geht im Chaos verloren.<\/p>\n<p class=\"font_8 wixui-rich-text__text\">Trotzdem weigert er sich aufzugeben. Zwischen Atlantikbrise und eingefahrener Gro\u00dfstadtroutine, fl\u00fcchtigen Begegnungen und der Unsicherheit des Erwachsenwerdens bleibt die Hoffnung, dass sich irgendwann alles richtig anf\u00fchlt.<\/p>\n<p class=\"font_8 wixui-rich-text__text\"><strong class=\"wixui-rich-text__text\">Erscheint\u00a0am: 17.03.2025<\/strong><\/p>\n","protected":false},"excerpt":{"rendered":"<p>Phil Wildsch\u00fctz: Hinterm Beton das Meer Was, wenn alle um dich herum vorankommen \u2013 nur du bleibst stehen? Aufgewachsen in einer Kleinstadt, zwischen grauem Beton und dem st\u00e4ndigen Gef\u00fchl, festzustecken, k\u00e4mpft ein junger Mann mit den Anforderungen einer Welt, die zu schnell geworden ist. W\u00e4hrend andere scheinbar m\u00fchelos Karriere machen, Beziehungen f\u00fchren und sich im Leben zurechtfinden, stolpert er von einem unsicheren Tag in den n\u00e4chsten.\u00a0Dating ist kompliziert, Social Media lenkt nur kurz ab, und der Job ist nichts weiter als Mittel zum Zweck. Freundschaften ver\u00e4ndern sich, manche gehen, andere kommen \u2013 das Gef\u00fchl, nicht dazuzugeh\u00f6ren, wird immer lauter. Seine Leichtigkeit geht im Chaos verloren. Trotzdem weigert er sich aufzugeben. Zwischen Atlantikbrise und eingefahrener Gro\u00dfstadtroutine, fl\u00fcchtigen Begegnungen und der Unsicherheit des Erwachsenwerdens bleibt die Hoffnung, dass sich irgendwann alles richtig anf\u00fchlt. Erscheint\u00a0am: 17.03.2025<\/p>\n","protected":false},"featured_media":1233,"comment_status":"open","ping_status":"closed","template":"","meta":{"site-sidebar-layout":"default","site-content-layout":"","ast-site-content-layout":"default","site-content-style":"default","site-sidebar-style":"default","ast-global-header-display":"","ast-banner-title-visibility":"","ast-main-header-display":"","ast-hfb-above-header-display":"","ast-hfb-below-header-display":"","ast-hfb-mobile-header-display":"","site-post-title":"","ast-breadcrumbs-content":"","ast-featured-img":"","footer-sml-layout":"","theme-transparent-header-meta":"default","adv-header-id-meta":"","stick-header-meta":"","header-above-stick-meta":"","header-main-stick-meta":"","header-below-stick-meta":"","astra-migrate-meta-layouts":"set","ast-page-background-enabled":"default","ast-page-background-meta":{"desktop":{"background-color":"var(--ast-global-color-5)","background-image":"","background-repeat":"repeat","background-position":"center center","background-size":"auto","background-attachment":"scroll","background-type":"","background-media":"","overlay-type":"","overlay-color":"","overlay-opacity":"","overlay-gradient":""},"tablet":{"background-color":"","background-image":"","background-repeat":"repeat","background-position":"center center","background-size":"auto","background-attachment":"scroll","background-type":"","background-media":"","overlay-type":"","overlay-color":"","overlay-opacity":"","overlay-gradient":""},"mobile":{"background-color":"","background-image":"","background-repeat":"repeat","background-position":"center center","background-size":"auto","background-attachment":"scroll","background-type":"","background-media":"","overlay-type":"","overlay-color":"","overlay-opacity":"","overlay-gradient":""}},"ast-content-background-meta":{"desktop":{"background-color":"var(--ast-global-color-4)","background-image":"","background-repeat":"repeat","background-position":"center center","background-size":"auto","background-attachment":"scroll","background-type":"","background-media":"","overlay-type":"","overlay-color":"","overlay-opacity":"","overlay-gradient":""},"tablet":{"background-color":"var(--ast-global-color-4)","background-image":"","background-repeat":"repeat","background-position":"center center","background-size":"auto","background-attachment":"scroll","background-type":"","background-media":"","overlay-type":"","overlay-color":"","overlay-opacity":"","overlay-gradient":""},"mobile":{"background-color":"var(--ast-global-color-4)","background-image":"","background-repeat":"repeat","background-position":"center center","background-size":"auto","background-attachment":"scroll","background-type":"","background-media":"","overlay-type":"","overlay-color":"","overlay-opacity":"","overlay-gradient":""}}},"product_brand":[],"product_cat":[22,23],"product_tag":[],"class_list":{"0":"post-1232","1":"product","2":"type-product","3":"status-publish","4":"has-post-thumbnail","6":"product_cat-lyrik","7":"product_cat-roman","8":"desktop-align-left","9":"tablet-align-left","10":"mobile-align-left","12":"first","13":"instock","14":"shipping-taxable","15":"purchasable","16":"product-type-simple"},"_links":{"self":[{"href":"https:\/\/traban.svaomega.com\/index.php?rest_route=\/wp\/v2\/product\/1232","targetHints":{"allow":["GET"]}}],"collection":[{"href":"https:\/\/traban.svaomega.com\/index.php?rest_route=\/wp\/v2\/product"}],"about":[{"href":"https:\/\/traban.svaomega.com\/index.php?rest_route=\/wp\/v2\/types\/product"}],"replies":[{"embeddable":true,"href":"https:\/\/traban.svaomega.com\/index.php?rest_route=%2Fwp%2Fv2%2Fcomments&post=1232"}],"wp:featuredmedia":[{"embeddable":true,"href":"https:\/\/traban.svaomega.com\/index.php?rest_route=\/wp\/v2\/media\/1233"}],"wp:attachment":[{"href":"https:\/\/traban.svaomega.com\/index.php?rest_route=%2Fwp%2Fv2%2Fmedia&parent=1232"}],"wp:term":[{"taxonomy":"product_brand","embeddable":true,"href":"https:\/\/traban.svaomega.com\/index.php?rest_route=%2Fwp%2Fv2%2Fproduct_brand&post=1232"},{"taxonomy":"product_cat","embeddable":true,"href":"https:\/\/traban.svaomega.com\/index.php?rest_route=%2Fwp%2Fv2%2Fproduct_cat&post=1232"},{"taxonomy":"product_tag","embeddable":true,"href":"https:\/\/traban.svaomega.com\/index.php?rest_route=%2Fwp%2Fv2%2Fproduct_tag&post=1232"}],"curies":[{"name":"wp","href":"https:\/\/api.w.org\/{rel}","templated":true}]}}