{"id":553,"date":"2025-06-04T10:04:36","date_gmt":"2025-06-04T10:04:36","guid":{"rendered":"https:\/\/traban.svaomega.com\/?post_type=product&#038;p=553"},"modified":"2025-06-16T11:10:51","modified_gmt":"2025-06-16T11:10:51","slug":"pia-evina-less-mein-weg-mit-dir","status":"publish","type":"product","link":"https:\/\/traban.svaomega.com\/?product=pia-evina-less-mein-weg-mit-dir","title":{"rendered":"Pia-Evina Less: Mein Weg mit dir"},"content":{"rendered":"<p><strong>Pia-Evina Less: Mein Weg mit dir &#8211; Auf unserem Weg zur Heimbeatmung<\/strong><\/p>\n<p>&nbsp;<\/p>\n<p>In \u201eMein Weg mit Dir\u201c teilt Pia-Evina Less die bewegende Geschichte ihrer Familie \u2013 in Form eines Briefes an ihren Sohn Louis.\u00a0Nach seiner Geburt verl\u00e4sst die Familie die Intensivstation, ohne zu ahnen, dass das erst der Anfang war. Schon bald wird klar, dass mit Louis etwas nicht stimmt. Als die \u00c4rzte ihre Sorgen endlich ernst nehmen, beginnt eine Zeit voller H\u00f6hen und Tiefen. Zwischen Krankenhausaufenthalten und dem Alltag mit drei Kindern, bis zum erneuten Aufenthalt auf der Intensivstation, die Louis schlie\u00dflich mit einem Beatmungsger\u00e4t verlassen wird.<\/p>\n<p>&nbsp;<\/p>\n<p>Pia-Evina Less zeigt die Herausforderungen, aber auch die vielen sch\u00f6nen Augenblicke, die sie und ihre Familie seit Louis&#8217; Geburt erlebt haben. Ein ehrliches, tief bewegendes Buch \u00fcber Liebe, St\u00e4rke und das Leben mit einem besonderen Kind.<\/p>\n","protected":false},"excerpt":{"rendered":"<p>Pia-Evina Less: Mein Weg mit dir &#8211; Auf unserem Weg zur Heimbeatmung &nbsp; In \u201eMein Weg mit Dir\u201c teilt Pia-Evina Less die bewegende Geschichte ihrer Familie \u2013 in Form eines Briefes an ihren Sohn Louis.\u00a0Nach seiner Geburt verl\u00e4sst die Familie die Intensivstation, ohne zu ahnen, dass das erst der Anfang war. Schon bald wird klar, dass mit Louis etwas nicht stimmt. Als die \u00c4rzte ihre Sorgen endlich ernst nehmen, beginnt eine Zeit voller H\u00f6hen und Tiefen. Zwischen Krankenhausaufenthalten und dem Alltag mit drei Kindern, bis zum erneuten Aufenthalt auf der Intensivstation, die Louis schlie\u00dflich mit einem Beatmungsger\u00e4t verlassen wird. &nbsp; Pia-Evina Less zeigt die Herausforderungen, aber auch die vielen sch\u00f6nen Augenblicke, die sie und ihre Familie seit Louis&#8217; Geburt erlebt haben. Ein ehrliches, tief bewegendes Buch \u00fcber Liebe, St\u00e4rke und das Leben mit einem besonderen Kind.<\/p>\n","protected":false},"featured_media":554,"comment_status":"open","ping_status":"closed","template":"","meta":{"site-sidebar-layout":"default","site-content-layout":"","ast-site-content-layout":"default","site-content-style":"default","site-sidebar-style":"default","ast-global-header-display":"","ast-banner-title-visibility":"","ast-main-header-display":"","ast-hfb-above-header-display":"","ast-hfb-below-header-display":"","ast-hfb-mobile-header-display":"","site-post-title":"","ast-breadcrumbs-content":"","ast-featured-img":"","footer-sml-layout":"","theme-transparent-header-meta":"default","adv-header-id-meta":"","stick-header-meta":"","header-above-stick-meta":"","header-main-stick-meta":"","header-below-stick-meta":"","astra-migrate-meta-layouts":"set","ast-page-background-enabled":"default","ast-page-background-meta":{"desktop":{"background-color":"var(--ast-global-color-5)","background-image":"","background-repeat":"repeat","background-position":"center center","background-size":"auto","background-attachment":"scroll","background-type":"","background-media":"","overlay-type":"","overlay-color":"","overlay-opacity":"","overlay-gradient":""},"tablet":{"background-color":"","background-image":"","background-repeat":"repeat","background-position":"center center","background-size":"auto","background-attachment":"scroll","background-type":"","background-media":"","overlay-type":"","overlay-color":"","overlay-opacity":"","overlay-gradient":""},"mobile":{"background-color":"","background-image":"","background-repeat":"repeat","background-position":"center center","background-size":"auto","background-attachment":"scroll","background-type":"","background-media":"","overlay-type":"","overlay-color":"","overlay-opacity":"","overlay-gradient":""}},"ast-content-background-meta":{"desktop":{"background-color":"var(--ast-global-color-4)","background-image":"","background-repeat":"repeat","background-position":"center center","background-size":"auto","background-attachment":"scroll","background-type":"","background-media":"","overlay-type":"","overlay-color":"","overlay-opacity":"","overlay-gradient":""},"tablet":{"background-color":"var(--ast-global-color-4)","background-image":"","background-repeat":"repeat","background-position":"center center","background-size":"auto","background-attachment":"scroll","background-type":"","background-media":"","overlay-type":"","overlay-color":"","overlay-opacity":"","overlay-gradient":""},"mobile":{"background-color":"var(--ast-global-color-4)","background-image":"","background-repeat":"repeat","background-position":"center center","background-size":"auto","background-attachment":"scroll","background-type":"","background-media":"","overlay-type":"","overlay-color":"","overlay-opacity":"","overlay-gradient":""}}},"product_brand":[],"product_cat":[41],"product_tag":[],"class_list":{"0":"post-553","1":"product","2":"type-product","3":"status-publish","4":"has-post-thumbnail","6":"product_cat-literatur","7":"desktop-align-left","8":"tablet-align-left","9":"mobile-align-left","11":"first","12":"instock","13":"shipping-taxable","14":"purchasable","15":"product-type-simple"},"_links":{"self":[{"href":"https:\/\/traban.svaomega.com\/index.php?rest_route=\/wp\/v2\/product\/553","targetHints":{"allow":["GET"]}}],"collection":[{"href":"https:\/\/traban.svaomega.com\/index.php?rest_route=\/wp\/v2\/product"}],"about":[{"href":"https:\/\/traban.svaomega.com\/index.php?rest_route=\/wp\/v2\/types\/product"}],"replies":[{"embeddable":true,"href":"https:\/\/traban.svaomega.com\/index.php?rest_route=%2Fwp%2Fv2%2Fcomments&post=553"}],"wp:featuredmedia":[{"embeddable":true,"href":"https:\/\/traban.svaomega.com\/index.php?rest_route=\/wp\/v2\/media\/554"}],"wp:attachment":[{"href":"https:\/\/traban.svaomega.com\/index.php?rest_route=%2Fwp%2Fv2%2Fmedia&parent=553"}],"wp:term":[{"taxonomy":"product_brand","embeddable":true,"href":"https:\/\/traban.svaomega.com\/index.php?rest_route=%2Fwp%2Fv2%2Fproduct_brand&post=553"},{"taxonomy":"product_cat","embeddable":true,"href":"https:\/\/traban.svaomega.com\/index.php?rest_route=%2Fwp%2Fv2%2Fproduct_cat&post=553"},{"taxonomy":"product_tag","embeddable":true,"href":"https:\/\/traban.svaomega.com\/index.php?rest_route=%2Fwp%2Fv2%2Fproduct_tag&post=553"}],"curies":[{"name":"wp","href":"https:\/\/api.w.org\/{rel}","templated":true}]}}