{"id":555,"date":"2025-06-04T10:05:37","date_gmt":"2025-06-04T10:05:37","guid":{"rendered":"https:\/\/traban.svaomega.com\/?post_type=product&#038;p=555"},"modified":"2025-06-16T12:06:00","modified_gmt":"2025-06-16T12:06:00","slug":"zohre-ceylan-als-hebamme-gegen-die-muttermafia","status":"publish","type":"product","link":"https:\/\/traban.svaomega.com\/?product=zohre-ceylan-als-hebamme-gegen-die-muttermafia","title":{"rendered":"Zohre Ceylan: Als Hebamme gegen die M\u00fcttermafia"},"content":{"rendered":"<p><strong>Zohre Ceylan: Als Hebamme gegen die M\u00fcttermafia<\/strong><\/p>\n<p>&nbsp;<\/p>\n<p>Lasse dich von Zohre auf eine Reise einladen, die Mut macht, du selbst zu sein und\u00a0deinen eigenen Weg als Mutter zu gehen.\u00a0In einer Welt, in der M\u00fctter sich st\u00e4ndig gegenseitig verurteilen und die Druckwelle von\u00a0Erwartungen immer gr\u00f6\u00dfer wird, tritt die Hebamme Zohre als einf\u00fchlsame K\u00e4mpferin gegen\u00a0die \u201eM\u00fcttermafia\u201c auf.\u00a0Ob es die Schwangerschaft, Geburt, das Stillen oder die Erziehung ist \u2013 niemand scheint\u00a0vor\u00a0der Kritik der \u201eidealen Mutter\u201c sicher zu sein. Zohre Ceylan m\u00f6chte aufkl\u00e4ren, Platz und\u00a0Solidarit\u00e4t f\u00fcr M\u00fctter schaffen, die sich nicht mehr in eine perfekte, oft unerreichbare Rolle\u00a0zw\u00e4ngen. Mit Empathie und Klarheit stellt sie sich gegen den Druck und pl\u00e4diert f\u00fcr mehr\u00a0Toleranz, Freiheit und Selbstbestimmung.\u00a0\u201eAls Hebamme gegen die M\u00fcttermafia\u201c ist ein aufheiternder, ehrlicher und\u00a0zum\u00a0Nachdenken\u00a0anregender Mutmacher, der das Bild der modernen M\u00fcttergesellschaft hinterfragt.<\/p>\n","protected":false},"excerpt":{"rendered":"<p>Zohre Ceylan: Als Hebamme gegen die M\u00fcttermafia &nbsp; Lasse dich von Zohre auf eine Reise einladen, die Mut macht, du selbst zu sein und\u00a0deinen eigenen Weg als Mutter zu gehen.\u00a0In einer Welt, in der M\u00fctter sich st\u00e4ndig gegenseitig verurteilen und die Druckwelle von\u00a0Erwartungen immer gr\u00f6\u00dfer wird, tritt die Hebamme Zohre als einf\u00fchlsame K\u00e4mpferin gegen\u00a0die \u201eM\u00fcttermafia\u201c auf.\u00a0Ob es die Schwangerschaft, Geburt, das Stillen oder die Erziehung ist \u2013 niemand scheint\u00a0vor\u00a0der Kritik der \u201eidealen Mutter\u201c sicher zu sein. Zohre Ceylan m\u00f6chte aufkl\u00e4ren, Platz und\u00a0Solidarit\u00e4t f\u00fcr M\u00fctter schaffen, die sich nicht mehr in eine perfekte, oft unerreichbare Rolle\u00a0zw\u00e4ngen. Mit Empathie und Klarheit stellt sie sich gegen den Druck und pl\u00e4diert f\u00fcr mehr\u00a0Toleranz, Freiheit und Selbstbestimmung.\u00a0\u201eAls Hebamme gegen die M\u00fcttermafia\u201c ist ein aufheiternder, ehrlicher und\u00a0zum\u00a0Nachdenken\u00a0anregender Mutmacher, der das Bild der modernen M\u00fcttergesellschaft hinterfragt.<\/p>\n","protected":false},"featured_media":556,"comment_status":"open","ping_status":"closed","template":"","meta":{"site-sidebar-layout":"default","site-content-layout":"","ast-site-content-layout":"default","site-content-style":"default","site-sidebar-style":"default","ast-global-header-display":"","ast-banner-title-visibility":"","ast-main-header-display":"","ast-hfb-above-header-display":"","ast-hfb-below-header-display":"","ast-hfb-mobile-header-display":"","site-post-title":"","ast-breadcrumbs-content":"","ast-featured-img":"","footer-sml-layout":"","theme-transparent-header-meta":"default","adv-header-id-meta":"","stick-header-meta":"","header-above-stick-meta":"","header-main-stick-meta":"","header-below-stick-meta":"","astra-migrate-meta-layouts":"set","ast-page-background-enabled":"default","ast-page-background-meta":{"desktop":{"background-color":"var(--ast-global-color-5)","background-image":"","background-repeat":"repeat","background-position":"center center","background-size":"auto","background-attachment":"scroll","background-type":"","background-media":"","overlay-type":"","overlay-color":"","overlay-opacity":"","overlay-gradient":""},"tablet":{"background-color":"","background-image":"","background-repeat":"repeat","background-position":"center center","background-size":"auto","background-attachment":"scroll","background-type":"","background-media":"","overlay-type":"","overlay-color":"","overlay-opacity":"","overlay-gradient":""},"mobile":{"background-color":"","background-image":"","background-repeat":"repeat","background-position":"center center","background-size":"auto","background-attachment":"scroll","background-type":"","background-media":"","overlay-type":"","overlay-color":"","overlay-opacity":"","overlay-gradient":""}},"ast-content-background-meta":{"desktop":{"background-color":"var(--ast-global-color-4)","background-image":"","background-repeat":"repeat","background-position":"center center","background-size":"auto","background-attachment":"scroll","background-type":"","background-media":"","overlay-type":"","overlay-color":"","overlay-opacity":"","overlay-gradient":""},"tablet":{"background-color":"var(--ast-global-color-4)","background-image":"","background-repeat":"repeat","background-position":"center center","background-size":"auto","background-attachment":"scroll","background-type":"","background-media":"","overlay-type":"","overlay-color":"","overlay-opacity":"","overlay-gradient":""},"mobile":{"background-color":"var(--ast-global-color-4)","background-image":"","background-repeat":"repeat","background-position":"center center","background-size":"auto","background-attachment":"scroll","background-type":"","background-media":"","overlay-type":"","overlay-color":"","overlay-opacity":"","overlay-gradient":""}}},"product_brand":[],"product_cat":[40],"product_tag":[],"class_list":{"0":"post-555","1":"product","2":"type-product","3":"status-publish","4":"has-post-thumbnail","6":"product_cat-bestseller","7":"desktop-align-left","8":"tablet-align-left","9":"mobile-align-left","11":"first","12":"instock","13":"shipping-taxable","14":"purchasable","15":"product-type-simple"},"_links":{"self":[{"href":"https:\/\/traban.svaomega.com\/index.php?rest_route=\/wp\/v2\/product\/555","targetHints":{"allow":["GET"]}}],"collection":[{"href":"https:\/\/traban.svaomega.com\/index.php?rest_route=\/wp\/v2\/product"}],"about":[{"href":"https:\/\/traban.svaomega.com\/index.php?rest_route=\/wp\/v2\/types\/product"}],"replies":[{"embeddable":true,"href":"https:\/\/traban.svaomega.com\/index.php?rest_route=%2Fwp%2Fv2%2Fcomments&post=555"}],"wp:featuredmedia":[{"embeddable":true,"href":"https:\/\/traban.svaomega.com\/index.php?rest_route=\/wp\/v2\/media\/556"}],"wp:attachment":[{"href":"https:\/\/traban.svaomega.com\/index.php?rest_route=%2Fwp%2Fv2%2Fmedia&parent=555"}],"wp:term":[{"taxonomy":"product_brand","embeddable":true,"href":"https:\/\/traban.svaomega.com\/index.php?rest_route=%2Fwp%2Fv2%2Fproduct_brand&post=555"},{"taxonomy":"product_cat","embeddable":true,"href":"https:\/\/traban.svaomega.com\/index.php?rest_route=%2Fwp%2Fv2%2Fproduct_cat&post=555"},{"taxonomy":"product_tag","embeddable":true,"href":"https:\/\/traban.svaomega.com\/index.php?rest_route=%2Fwp%2Fv2%2Fproduct_tag&post=555"}],"curies":[{"name":"wp","href":"https:\/\/api.w.org\/{rel}","templated":true}]}}