{"id":563,"date":"2025-06-04T10:09:23","date_gmt":"2025-06-04T10:09:23","guid":{"rendered":"https:\/\/traban.svaomega.com\/?post_type=product&#038;p=563"},"modified":"2025-06-16T11:19:05","modified_gmt":"2025-06-16T11:19:05","slug":"denise-haupt-koffer-kinder-katastrophen-zwischen-jetlag-und-kinderlachen","status":"publish","type":"product","link":"https:\/\/traban.svaomega.com\/?product=denise-haupt-koffer-kinder-katastrophen-zwischen-jetlag-und-kinderlachen","title":{"rendered":"Denise Haupt: Koffer, Kinder, Katastrophen \u2013 Zwischen Jetlag und Kinderlachen"},"content":{"rendered":"<p><strong>Denise Haupt: Koffer, Kinder, Katastrophen \u2013 Zwischen Jetlag und Kinderlachen<\/strong><\/p>\n<p><em>F\u00fcr alle Eltern, die trotz (oder gerade wegen) Kindern die Welt entdecken wollen!<\/em><\/p>\n<p>Reisen mit Kindern \u2013 das klingt nach Stress, Chaos und einem Koffer voller Kompromisse? Aber ist es das wirklich?\u00a0Denise Haupt, selbst Mutter und erfahrene Familienreisende, nimmt dich mit auf eine unterhaltsame Reise durch die H\u00f6hen und Tiefen des Familienurlaubs. Von schreienden Babys im Flugzeug \u00fcber verlorene Schnuller am Strand bis hin zu magischen Momenten, die nur Reisen mit Kindern bieten k\u00f6nnen. Dieses Buch zeigt dir, wie aufregend, lustig und lohnenswert das Abenteuer Familienurlaub sein kann. Es nimmt dir die Angst vor dem Reisen mit Kindern und hilft, selbst die chaotischsten Situationen w\u00e4hrend der Vorbereitung und der Reise zu meistern.<\/p>\n<p>Mit einer ordentlichen Portion Selbstironie, witzigen Anekdoten und jeder Menge praktischer Tipps wirst du merken: Chaos geh\u00f6rt einfach dazu. Also lass dich inspirieren, lache \u00fcber die ehrlichen Geschichten und plane deinen n\u00e4chsten Familienurlaub mit einem Schmunzeln \u2013 denn: Das sch\u00f6nste Ziel einer Reise ist die gemeinsame Zeit mit deiner Familie.<\/p>\n","protected":false},"excerpt":{"rendered":"<p>Denise Haupt: Koffer, Kinder, Katastrophen \u2013 Zwischen Jetlag und Kinderlachen F\u00fcr alle Eltern, die trotz (oder gerade wegen) Kindern die Welt entdecken wollen! Reisen mit Kindern \u2013 das klingt nach Stress, Chaos und einem Koffer voller Kompromisse? Aber ist es das wirklich?\u00a0Denise Haupt, selbst Mutter und erfahrene Familienreisende, nimmt dich mit auf eine unterhaltsame Reise durch die H\u00f6hen und Tiefen des Familienurlaubs. Von schreienden Babys im Flugzeug \u00fcber verlorene Schnuller am Strand bis hin zu magischen Momenten, die nur Reisen mit Kindern bieten k\u00f6nnen. Dieses Buch zeigt dir, wie aufregend, lustig und lohnenswert das Abenteuer Familienurlaub sein kann. Es nimmt dir die Angst vor dem Reisen mit Kindern und hilft, selbst die chaotischsten Situationen w\u00e4hrend der Vorbereitung und der Reise zu meistern. Mit einer ordentlichen Portion Selbstironie, witzigen Anekdoten und jeder Menge praktischer Tipps wirst du merken: Chaos geh\u00f6rt einfach dazu. Also lass dich inspirieren, lache \u00fcber die ehrlichen Geschichten und plane deinen n\u00e4chsten Familienurlaub mit einem Schmunzeln \u2013 denn: Das sch\u00f6nste Ziel einer Reise ist die gemeinsame Zeit mit deiner Familie.<\/p>\n","protected":false},"featured_media":564,"comment_status":"open","ping_status":"closed","template":"","meta":{"site-sidebar-layout":"default","site-content-layout":"","ast-site-content-layout":"default","site-content-style":"default","site-sidebar-style":"default","ast-global-header-display":"","ast-banner-title-visibility":"","ast-main-header-display":"","ast-hfb-above-header-display":"","ast-hfb-below-header-display":"","ast-hfb-mobile-header-display":"","site-post-title":"","ast-breadcrumbs-content":"","ast-featured-img":"","footer-sml-layout":"","theme-transparent-header-meta":"default","adv-header-id-meta":"","stick-header-meta":"","header-above-stick-meta":"","header-main-stick-meta":"","header-below-stick-meta":"","astra-migrate-meta-layouts":"set","ast-page-background-enabled":"default","ast-page-background-meta":{"desktop":{"background-color":"var(--ast-global-color-5)","background-image":"","background-repeat":"repeat","background-position":"center center","background-size":"auto","background-attachment":"scroll","background-type":"","background-media":"","overlay-type":"","overlay-color":"","overlay-opacity":"","overlay-gradient":""},"tablet":{"background-color":"","background-image":"","background-repeat":"repeat","background-position":"center center","background-size":"auto","background-attachment":"scroll","background-type":"","background-media":"","overlay-type":"","overlay-color":"","overlay-opacity":"","overlay-gradient":""},"mobile":{"background-color":"","background-image":"","background-repeat":"repeat","background-position":"center center","background-size":"auto","background-attachment":"scroll","background-type":"","background-media":"","overlay-type":"","overlay-color":"","overlay-opacity":"","overlay-gradient":""}},"ast-content-background-meta":{"desktop":{"background-color":"var(--ast-global-color-4)","background-image":"","background-repeat":"repeat","background-position":"center center","background-size":"auto","background-attachment":"scroll","background-type":"","background-media":"","overlay-type":"","overlay-color":"","overlay-opacity":"","overlay-gradient":""},"tablet":{"background-color":"var(--ast-global-color-4)","background-image":"","background-repeat":"repeat","background-position":"center center","background-size":"auto","background-attachment":"scroll","background-type":"","background-media":"","overlay-type":"","overlay-color":"","overlay-opacity":"","overlay-gradient":""},"mobile":{"background-color":"var(--ast-global-color-4)","background-image":"","background-repeat":"repeat","background-position":"center center","background-size":"auto","background-attachment":"scroll","background-type":"","background-media":"","overlay-type":"","overlay-color":"","overlay-opacity":"","overlay-gradient":""}}},"product_brand":[],"product_cat":[23],"product_tag":[],"class_list":{"0":"post-563","1":"product","2":"type-product","3":"status-publish","4":"has-post-thumbnail","6":"product_cat-roman","7":"desktop-align-left","8":"tablet-align-left","9":"mobile-align-left","11":"first","12":"instock","13":"shipping-taxable","14":"purchasable","15":"product-type-simple"},"_links":{"self":[{"href":"https:\/\/traban.svaomega.com\/index.php?rest_route=\/wp\/v2\/product\/563","targetHints":{"allow":["GET"]}}],"collection":[{"href":"https:\/\/traban.svaomega.com\/index.php?rest_route=\/wp\/v2\/product"}],"about":[{"href":"https:\/\/traban.svaomega.com\/index.php?rest_route=\/wp\/v2\/types\/product"}],"replies":[{"embeddable":true,"href":"https:\/\/traban.svaomega.com\/index.php?rest_route=%2Fwp%2Fv2%2Fcomments&post=563"}],"wp:featuredmedia":[{"embeddable":true,"href":"https:\/\/traban.svaomega.com\/index.php?rest_route=\/wp\/v2\/media\/564"}],"wp:attachment":[{"href":"https:\/\/traban.svaomega.com\/index.php?rest_route=%2Fwp%2Fv2%2Fmedia&parent=563"}],"wp:term":[{"taxonomy":"product_brand","embeddable":true,"href":"https:\/\/traban.svaomega.com\/index.php?rest_route=%2Fwp%2Fv2%2Fproduct_brand&post=563"},{"taxonomy":"product_cat","embeddable":true,"href":"https:\/\/traban.svaomega.com\/index.php?rest_route=%2Fwp%2Fv2%2Fproduct_cat&post=563"},{"taxonomy":"product_tag","embeddable":true,"href":"https:\/\/traban.svaomega.com\/index.php?rest_route=%2Fwp%2Fv2%2Fproduct_tag&post=563"}],"curies":[{"name":"wp","href":"https:\/\/api.w.org\/{rel}","templated":true}]}}